{"id":995,"date":"2020-01-28T11:21:33","date_gmt":"2020-01-28T11:21:33","guid":{"rendered":"https:\/\/carlescastillo.com\/web\/?page_id=995"},"modified":"2021-02-11T22:41:46","modified_gmt":"2021-02-11T22:41:46","slug":"about-me","status":"publish","type":"page","link":"https:\/\/carlescastillo.com\/web\/en\/about-me\/","title":{"rendered":"About Me"},"content":{"rendered":"<p>[vc_row gap=\u00bb35&#8243; css=\u00bb.vc_custom_1580204172250{padding-top: 50px !important;padding-bottom: 100px !important;}\u00bb][vc_column width=\u00bb1\/2&#8243;][vc_single_image image=\u00bb1195&#8243; img_size=\u00bbfull\u00bb][\/vc_column][vc_column width=\u00bb1\/2&#8243;][vc_custom_heading text=\u00bbCARLES CASTILLO\u00bb font_container=\u00bbtag:h2|font_size:40px|text_align:left|color:%23f2b449|line_height:1em\u00bb google_fonts=\u00bbfont_family:Montserrat%3Aregular%2C700|font_style:700%20bold%20regular%3A700%3Anormal\u00bb css=\u00bb.vc_custom_1580488188599{margin-bottom: 40px !important;}\u00bb][vc_column_text css=\u00bb.vc_custom_1580494807659{margin-bottom: 10px !important;}\u00bb]<\/p>\n<p style=\"text-align: justify; font-size: 13px;\">I work as a cameraman since 2000, based in Barcelona, \u200b\u200bSpain. Graduated as a Senior Technician in Image from the Polytechnic School Sant Ignasi Sarri\u00e0, Barcelona, \u200b\u200bI am specialized in underwater image and wildlife. National Jury (CMAS) of underwater video.<\/p>\n<p style=\"text-align: justify; font-size: 13px;\">Since the creation of the CARLES CASTILLO &#8211; NATURE PRODUCTIONS production company, I have been filming underwater images in different seas and oceans, as well as wildlife in tropical forests and high mountains.<br \/>\nThe documentaries produced at the production company are broadcast in more than 83 countries.<\/p>\n<p style=\"text-align: justify; font-size: 13px;\">My images have been filmed and broadcasted among others to: Air Europa, Televisi\u00f3n Espa\u00f1ola (TVE S.A.), Televisi\u00f3 de Catalunya (TV3), Discovery, Grupo V, Canal +, Canal 7, Federaci\u00f3n Espa\u00f1ola de Actividades Subacu\u00e1ticas (FEDAS), Federaci\u00f3 Catalana d&#8217;Activitats Subaqu\u00e0tiques (FECDAS), Ayuntamiento de Barcelona, Ayuntamiento de Matar\u00f3, Xatrac.org, Photomarina, Geonature, CEAB-CSIC, Canal +, Aqualung Spain y Portugal and Cressi Espa\u00f1a.<\/p>\n<p style=\"text-align: justify; font-size: 13px;\"><strong>Ready to explore?<\/strong><\/p>\n<p>[\/vc_column_text][\/vc_column][\/vc_row][vc_row gap=\u00bb35&#8243;][vc_column width=\u00bb1\/2&#8243;][vc_custom_heading text=\u00bbSERVICES\u00bb font_container=\u00bbtag:h2|font_size:40px|text_align:left|color:%23f2b449|line_height:1em\u00bb google_fonts=\u00bbfont_family:Montserrat%3Aregular%2C700|font_style:700%20bold%20regular%3A700%3Anormal\u00bb css=\u00bb.vc_custom_1580981130767{margin-bottom: 40px !important;}\u00bb][vc_column_text]<\/p>\n<ul>\n<li>\n<p style=\"text-align: justify; font-size: 13px;\"><strong>NATURE DOCUMENTARIES:<\/strong> I make nature documentaries for thematic channels and specialized magazines. I work on land, sea or air (Drone). I have the best equipment to get the most out of the environment and offer the best results, either in high mountains or underwater.<\/p>\n<p>&nbsp;<\/li>\n<li>\n<p style=\"text-align: justify; font-size: 13px;\"><strong>UNDERWATER IMAGING:<\/strong> The underwater image is a very important part of my daily work. Specialized in this sector since 1999, I have collaborated in important projects of different channels such as the Bubbles de TVE, S.A series, or the different reports issued on different thematic channels.<br \/>\n<a href=\"http:\/\/www.rtve.es\/alacarta\/videos\/bubbles\/bubbles-layang-layang\/3307982\/\">http:\/\/www.rtve.es\/alacarta\/videos\/bubbles\/bubbles-layang-layang\/3307982\/<\/a><br \/>\n<a href=\"http:\/\/www.rtve.es\/alacarta\/videos\/bubbles\/bubbles-layang-layang\/3307982\/\">http:\/\/www.rtve.es\/alacarta\/videos\/bubbles\/bubbles-layang-layang\/3307982\/<\/a><\/p>\n<p>&nbsp;<\/li>\n<li>\n<p style=\"text-align: justify; font-size: 13px;\"><strong>AIR:<\/strong> They are related to the world of science. CSIC partner organizations such as <a href=\"https:\/\/www.xatrac.org\/\" target=\"_blank\" rel=\"noopener\"><span style=\"color: #999999;\">Xatrac <\/span><\/a>or <a href=\"https:\/\/www.instagram.com\/hidden_deserts\/\" target=\"_blank\" rel=\"noopener\"><span style=\"color: #999999;\">HiddenDeserts<\/span><\/a> are examples of clients of this nature.<\/p>\n<\/li>\n<\/ul>\n<p>[\/vc_column_text][vc_empty_space][vc_custom_heading text=\u00bbWORK TEAM\u00bb font_container=\u00bbtag:h2|font_size:40px|text_align:left|color:%23f2b449|line_height:1em\u00bb google_fonts=\u00bbfont_family:Montserrat%3Aregular%2C700|font_style:700%20bold%20regular%3A700%3Anormal\u00bb css=\u00bb.vc_custom_1580494858765{margin-bottom: 40px !important;}\u00bb][vc_column_text]<\/p>\n<p style=\"text-align: justify; font-size: 13px;\">Complete filming equipment on land, underwater and air in RAW, 6k, 4k, UHD and FULL HD format.<\/p>\n<ul>\n<li>\n<p style=\"text-align: justify; font-size: 13px;\"><strong>LAND:<\/strong> 6k and 4k filming equipment with the latest cameras on the market.<\/p>\n<\/li>\n<li>\n<p style=\"text-align: justify; font-size: 13px;\"><strong>SEA:<\/strong> In and out of the water. Top quality underwater filming in 6k and 4k. LED underwater lighting.<\/p>\n<\/li>\n<li>\n<p style=\"text-align: justify; font-size: 13px;\"><strong>AIR:<\/strong> Drone 4k.<\/p>\n<\/li>\n<\/ul>\n<p style=\"text-align: justify; font-size: 13px;\">In addition, we have complete editing and postproduction equipment in 8k, 6k, 4k and FULL HD, colorists, audio editing experts, speakers specialized in documentaries and advertising (TVE2 documentaries, Discovery Channel, etc). A fully specialized team to carry out any project.<\/p>\n<p>[\/vc_column_text][\/vc_column][vc_column width=\u00bb1\/2&#8243;][vc_custom_heading text=\u00bbRESUME\u00bb font_container=\u00bbtag:h2|font_size:40px|text_align:left|color:%23f2b449|line_height:1em\u00bb google_fonts=\u00bbfont_family:Montserrat%3Aregular%2C700|font_style:700%20bold%20regular%3A700%3Anormal\u00bb css=\u00bb.vc_custom_1580494831379{margin-bottom: 40px !important;}\u00bb][vc_column_text]<span style=\"font-size: 13px;\"><strong>Carles Castillo \u2013\u00a0 Nature Productions (2000 to the present)<br \/>\n<\/strong>Camera operator, editing and postproduction. Underwater and terrestrial image. Nature documentaries.<\/span><\/p>\n<p><span style=\"font-size: 13px;\"><strong>Reivax Films (2004 \u2013 2011)<br \/>\n<\/strong>Camera operator, editing and postproduction. Underwater and terrestrial image.<\/span><\/p>\n<p><span style=\"font-size: 13px;\"><strong>Natural Vision Films (2009 \u2013 2010)<br \/>\n<\/strong>Camera and underwater camera operator, recording and editing nature documentaries.<br \/>\n<\/span><\/p>\n<p><span style=\"font-size: 13px;\"><strong>TVE,S.A. (2004 \u2013 2005)<br \/>\n<\/strong>Cameraman. Underwater and terrestrial image.<br \/>\n<\/span><\/p>\n<p><span style=\"font-size: 13px;\"><strong>Discovery Channel (2004)<br \/>\n<\/strong>Cameraman. Underwater image.<br \/>\n<\/span><\/p>\n<p><span style=\"font-size: 13px;\"><strong>Localia Viladecans TV (2003)<br \/>\n<\/strong>Camera operator and information editing.<br \/>\n<\/span><\/p>\n<p><span style=\"font-size: 13px;\"><strong>Photomarina (2003)<br \/>\n<\/strong>Cameraman. Underwater and terrestrial image.<br \/>\n<\/span><\/p>\n<p><span style=\"font-size: 13px;\"><strong>2000 \u2013 To present<br \/>\n<\/strong>Conferences and presentations on underwater image.<br \/>\n<\/span><\/p>\n<p><span style=\"font-size: 13px;\"><strong>National Underwater Video Jury<\/strong><\/span>[\/vc_column_text][\/vc_column][\/vc_row][vc_row css=\u00bb.vc_custom_1441980571725{padding-top: 100px !important;}\u00bb][vc_column][vc_custom_heading text=\u00bbSPONSORS\u00bb font_container=\u00bbtag:h2|font_size:22px|text_align:center|line_height:1em\u00bb google_fonts=\u00bbfont_family:Montserrat%3Aregular%2C700|font_style:700%20bold%20regular%3A700%3Anormal\u00bb css=\u00bb.vc_custom_1580203736177{margin-bottom: 40px !important;}\u00bb][vc_single_image image=\u00bb1382&#8243; img_size=\u00bbfull\u00bb alignment=\u00bbcenter\u00bb][vc_column_text]<\/p>\n<p style=\"text-align: center; font-size: 13px;\">I would like to thank all the sponsors for their full support.<\/p>\n<p style=\"text-align: center; font-size: 13px;\"><strong>Aqualung Spain And Portugal<\/strong><br \/>\n<a href=\"http:\/\/www.aqualung.com\/es\/\" target=\"_blank\" rel=\"noopener noreferrer\">http:\/\/www.aqualung.com\/es\/<\/a><\/p>\n<p style=\"text-align: center; font-size: 13px;\"><strong>Apeks<\/strong><br \/>\n<a href=\"https:\/\/www.apeksdiving.com\/es\/\" target=\"_blank\" rel=\"noopener noreferrer\">https:\/\/www.apeksdiving.com\/es\/<\/a><\/p>\n<p style=\"text-align: center; font-size: 13px;\"><strong>Suministros Evia<\/strong><br \/>\n<a href=\"https:\/\/www.evia.es\/\" target=\"_blank\" rel=\"noopener noreferrer\">https:\/\/www.evia.es\/<\/a><\/p>\n<p style=\"text-align: center; font-size: 13px;\"><strong>Hart-hunting<\/strong><br \/>\n<a href=\"https:\/\/www.hart-hunting.com\/es\" target=\"_blank\" rel=\"noopener noreferrer\">https:\/\/www.hart-hunting.com\/es<\/a>[\/vc_column_text][\/vc_column][\/vc_row]<\/p>\n","protected":false},"excerpt":{"rendered":"<p>[vc_row gap=\u00bb35&#8243; css=\u00bb.vc_custom_1580204172250{padding-top: 50px !important;padding-bottom: 100px !important;}\u00bb][vc_column width=\u00bb1\/2&#8243;][vc_single_image image=\u00bb1195&#8243; img_size=\u00bbfull\u00bb][\/vc_column][vc_column width=\u00bb1\/2&#8243;][vc_custom_heading text=\u00bbCARLES CASTILLO\u00bb font_container=\u00bbtag:h2|font_size:40px|text_align:left|color:%23f2b449|line_height:1em\u00bb google_fonts=\u00bbfont_family:Montserrat%3Aregular%2C700|font_style:700%20bold%20regular%3A700%3Anormal\u00bb css=\u00bb.vc_custom_1580488188599{margin-bottom: 40px !important;}\u00bb][vc_column_text css=\u00bb.vc_custom_1580494807659{margin-bottom: 10px !important;}\u00bb] I work as a cameraman since 2000, based in Barcelona, \u200b\u200bSpain. Graduated as a Senior Technician in Image from the Polytechnic School Sant Ignasi Sarri\u00e0, Barcelona, \u200b\u200bI am specialized in underwater image and wildlife. [&hellip;]<\/p>\n","protected":false},"author":1,"featured_media":0,"parent":0,"menu_order":0,"comment_status":"closed","ping_status":"closed","template":"","meta":{"footnotes":""},"yoast_head":"<!-- This site is optimized with the Yoast SEO plugin v22.3 - https:\/\/yoast.com\/wordpress\/plugins\/seo\/ -->\n<title>About Me - Carles Castillo<\/title>\n<meta name=\"robots\" content=\"index, follow, max-snippet:-1, max-image-preview:large, max-video-preview:-1\" \/>\n<link rel=\"canonical\" href=\"https:\/\/carlescastillo.com\/web\/en\/about-me\/\" \/>\n<meta property=\"og:locale\" content=\"es_ES\" \/>\n<meta property=\"og:type\" content=\"article\" \/>\n<meta property=\"og:title\" content=\"About Me - Carles Castillo\" \/>\n<meta property=\"og:description\" content=\"[vc_row gap=\u00bb35&#8243; css=\u00bb.vc_custom_1580204172250{padding-top: 50px !important;padding-bottom: 100px !important;}\u00bb][vc_column width=\u00bb1\/2&#8243;][vc_single_image image=\u00bb1195&#8243; img_size=\u00bbfull\u00bb][\/vc_column][vc_column width=\u00bb1\/2&#8243;][vc_custom_heading text=\u00bbCARLES CASTILLO\u00bb font_container=\u00bbtag:h2|font_size:40px|text_align:left|color:%23f2b449|line_height:1em\u00bb google_fonts=\u00bbfont_family:Montserrat%3Aregular%2C700|font_style:700%20bold%20regular%3A700%3Anormal\u00bb css=\u00bb.vc_custom_1580488188599{margin-bottom: 40px !important;}\u00bb][vc_column_text css=\u00bb.vc_custom_1580494807659{margin-bottom: 10px !important;}\u00bb] I work as a cameraman since 2000, based in Barcelona, \u200b\u200bSpain. Graduated as a Senior Technician in Image from the Polytechnic School Sant Ignasi Sarri\u00e0, Barcelona, \u200b\u200bI am specialized in underwater image and wildlife. [&hellip;]\" \/>\n<meta property=\"og:url\" content=\"https:\/\/carlescastillo.com\/web\/en\/about-me\/\" \/>\n<meta property=\"og:site_name\" content=\"Carles Castillo\" \/>\n<meta property=\"article:publisher\" content=\"https:\/\/www.facebook.com\/carles.castillo.96\" \/>\n<meta property=\"article:modified_time\" content=\"2021-02-11T22:41:46+00:00\" \/>\n<meta name=\"twitter:card\" content=\"summary_large_image\" \/>\n<meta name=\"twitter:site\" content=\"@carlescastillo_\" \/>\n<meta name=\"twitter:label1\" content=\"Tiempo de lectura\" \/>\n\t<meta name=\"twitter:data1\" content=\"3 minutos\" \/>\n<script type=\"application\/ld+json\" class=\"yoast-schema-graph\">{\"@context\":\"https:\/\/schema.org\",\"@graph\":[{\"@type\":\"WebPage\",\"@id\":\"https:\/\/carlescastillo.com\/web\/en\/about-me\/\",\"url\":\"https:\/\/carlescastillo.com\/web\/en\/about-me\/\",\"name\":\"About Me - Carles Castillo\",\"isPartOf\":{\"@id\":\"https:\/\/carlescastillo.com\/web\/#website\"},\"datePublished\":\"2020-01-28T11:21:33+00:00\",\"dateModified\":\"2021-02-11T22:41:46+00:00\",\"breadcrumb\":{\"@id\":\"https:\/\/carlescastillo.com\/web\/en\/about-me\/#breadcrumb\"},\"inLanguage\":\"es\",\"potentialAction\":[{\"@type\":\"ReadAction\",\"target\":[\"https:\/\/carlescastillo.com\/web\/en\/about-me\/\"]}]},{\"@type\":\"BreadcrumbList\",\"@id\":\"https:\/\/carlescastillo.com\/web\/en\/about-me\/#breadcrumb\",\"itemListElement\":[{\"@type\":\"ListItem\",\"position\":1,\"name\":\"Portada\",\"item\":\"https:\/\/carlescastillo.com\/web\/\"},{\"@type\":\"ListItem\",\"position\":2,\"name\":\"About Me\"}]},{\"@type\":\"WebSite\",\"@id\":\"https:\/\/carlescastillo.com\/web\/#website\",\"url\":\"https:\/\/carlescastillo.com\/web\/\",\"name\":\"Carles Castillo\",\"description\":\"Web oficial\",\"publisher\":{\"@id\":\"https:\/\/carlescastillo.com\/web\/#organization\"},\"potentialAction\":[{\"@type\":\"SearchAction\",\"target\":{\"@type\":\"EntryPoint\",\"urlTemplate\":\"https:\/\/carlescastillo.com\/web\/?s={search_term_string}\"},\"query-input\":\"required name=search_term_string\"}],\"inLanguage\":\"es\"},{\"@type\":\"Organization\",\"@id\":\"https:\/\/carlescastillo.com\/web\/#organization\",\"name\":\"Carles Castillo\",\"url\":\"https:\/\/carlescastillo.com\/web\/\",\"logo\":{\"@type\":\"ImageObject\",\"inLanguage\":\"es\",\"@id\":\"https:\/\/carlescastillo.com\/web\/#\/schema\/logo\/image\/\",\"url\":\"https:\/\/carlescastillo.com\/web\/wp-content\/uploads\/2020\/02\/logo_cc_dark_retina.png\",\"contentUrl\":\"https:\/\/carlescastillo.com\/web\/wp-content\/uploads\/2020\/02\/logo_cc_dark_retina.png\",\"width\":444,\"height\":200,\"caption\":\"Carles Castillo\"},\"image\":{\"@id\":\"https:\/\/carlescastillo.com\/web\/#\/schema\/logo\/image\/\"},\"sameAs\":[\"https:\/\/www.facebook.com\/carles.castillo.96\",\"https:\/\/twitter.com\/carlescastillo_\",\"https:\/\/www.instagram.com\/carles.castillo\/\",\"https:\/\/es.linkedin.com\/in\/carlescastillo\",\"https:\/\/www.youtube.com\/channel\/UCUdOfQOvQMQoNJENFeaGK1A\"]}]}<\/script>\n<!-- \/ Yoast SEO plugin. -->","yoast_head_json":{"title":"About Me - Carles Castillo","robots":{"index":"index","follow":"follow","max-snippet":"max-snippet:-1","max-image-preview":"max-image-preview:large","max-video-preview":"max-video-preview:-1"},"canonical":"https:\/\/carlescastillo.com\/web\/en\/about-me\/","og_locale":"es_ES","og_type":"article","og_title":"About Me - Carles Castillo","og_description":"[vc_row gap=\u00bb35&#8243; css=\u00bb.vc_custom_1580204172250{padding-top: 50px !important;padding-bottom: 100px !important;}\u00bb][vc_column width=\u00bb1\/2&#8243;][vc_single_image image=\u00bb1195&#8243; img_size=\u00bbfull\u00bb][\/vc_column][vc_column width=\u00bb1\/2&#8243;][vc_custom_heading text=\u00bbCARLES CASTILLO\u00bb font_container=\u00bbtag:h2|font_size:40px|text_align:left|color:%23f2b449|line_height:1em\u00bb google_fonts=\u00bbfont_family:Montserrat%3Aregular%2C700|font_style:700%20bold%20regular%3A700%3Anormal\u00bb css=\u00bb.vc_custom_1580488188599{margin-bottom: 40px !important;}\u00bb][vc_column_text css=\u00bb.vc_custom_1580494807659{margin-bottom: 10px !important;}\u00bb] I work as a cameraman since 2000, based in Barcelona, \u200b\u200bSpain. Graduated as a Senior Technician in Image from the Polytechnic School Sant Ignasi Sarri\u00e0, Barcelona, \u200b\u200bI am specialized in underwater image and wildlife. [&hellip;]","og_url":"https:\/\/carlescastillo.com\/web\/en\/about-me\/","og_site_name":"Carles Castillo","article_publisher":"https:\/\/www.facebook.com\/carles.castillo.96","article_modified_time":"2021-02-11T22:41:46+00:00","twitter_card":"summary_large_image","twitter_site":"@carlescastillo_","twitter_misc":{"Tiempo de lectura":"3 minutos"},"schema":{"@context":"https:\/\/schema.org","@graph":[{"@type":"WebPage","@id":"https:\/\/carlescastillo.com\/web\/en\/about-me\/","url":"https:\/\/carlescastillo.com\/web\/en\/about-me\/","name":"About Me - Carles Castillo","isPartOf":{"@id":"https:\/\/carlescastillo.com\/web\/#website"},"datePublished":"2020-01-28T11:21:33+00:00","dateModified":"2021-02-11T22:41:46+00:00","breadcrumb":{"@id":"https:\/\/carlescastillo.com\/web\/en\/about-me\/#breadcrumb"},"inLanguage":"es","potentialAction":[{"@type":"ReadAction","target":["https:\/\/carlescastillo.com\/web\/en\/about-me\/"]}]},{"@type":"BreadcrumbList","@id":"https:\/\/carlescastillo.com\/web\/en\/about-me\/#breadcrumb","itemListElement":[{"@type":"ListItem","position":1,"name":"Portada","item":"https:\/\/carlescastillo.com\/web\/"},{"@type":"ListItem","position":2,"name":"About Me"}]},{"@type":"WebSite","@id":"https:\/\/carlescastillo.com\/web\/#website","url":"https:\/\/carlescastillo.com\/web\/","name":"Carles Castillo","description":"Web oficial","publisher":{"@id":"https:\/\/carlescastillo.com\/web\/#organization"},"potentialAction":[{"@type":"SearchAction","target":{"@type":"EntryPoint","urlTemplate":"https:\/\/carlescastillo.com\/web\/?s={search_term_string}"},"query-input":"required name=search_term_string"}],"inLanguage":"es"},{"@type":"Organization","@id":"https:\/\/carlescastillo.com\/web\/#organization","name":"Carles Castillo","url":"https:\/\/carlescastillo.com\/web\/","logo":{"@type":"ImageObject","inLanguage":"es","@id":"https:\/\/carlescastillo.com\/web\/#\/schema\/logo\/image\/","url":"https:\/\/carlescastillo.com\/web\/wp-content\/uploads\/2020\/02\/logo_cc_dark_retina.png","contentUrl":"https:\/\/carlescastillo.com\/web\/wp-content\/uploads\/2020\/02\/logo_cc_dark_retina.png","width":444,"height":200,"caption":"Carles Castillo"},"image":{"@id":"https:\/\/carlescastillo.com\/web\/#\/schema\/logo\/image\/"},"sameAs":["https:\/\/www.facebook.com\/carles.castillo.96","https:\/\/twitter.com\/carlescastillo_","https:\/\/www.instagram.com\/carles.castillo\/","https:\/\/es.linkedin.com\/in\/carlescastillo","https:\/\/www.youtube.com\/channel\/UCUdOfQOvQMQoNJENFeaGK1A"]}]}},"_links":{"self":[{"href":"https:\/\/carlescastillo.com\/web\/wp-json\/wp\/v2\/pages\/995"}],"collection":[{"href":"https:\/\/carlescastillo.com\/web\/wp-json\/wp\/v2\/pages"}],"about":[{"href":"https:\/\/carlescastillo.com\/web\/wp-json\/wp\/v2\/types\/page"}],"author":[{"embeddable":true,"href":"https:\/\/carlescastillo.com\/web\/wp-json\/wp\/v2\/users\/1"}],"replies":[{"embeddable":true,"href":"https:\/\/carlescastillo.com\/web\/wp-json\/wp\/v2\/comments?post=995"}],"version-history":[{"count":14,"href":"https:\/\/carlescastillo.com\/web\/wp-json\/wp\/v2\/pages\/995\/revisions"}],"predecessor-version":[{"id":1586,"href":"https:\/\/carlescastillo.com\/web\/wp-json\/wp\/v2\/pages\/995\/revisions\/1586"}],"wp:attachment":[{"href":"https:\/\/carlescastillo.com\/web\/wp-json\/wp\/v2\/media?parent=995"}],"curies":[{"name":"wp","href":"https:\/\/api.w.org\/{rel}","templated":true}]}}