{"id":1402,"date":"2020-03-18T06:25:56","date_gmt":"2020-03-18T06:25:56","guid":{"rendered":"https:\/\/carlescastillo.com\/web\/?page_id=1402"},"modified":"2020-04-21T11:21:55","modified_gmt":"2020-04-21T11:21:55","slug":"canvi-climatic","status":"publish","type":"page","link":"https:\/\/carlescastillo.com\/web\/ca\/canvi-climatic\/","title":{"rendered":"Canvi clim\u00e0tic"},"content":{"rendered":"<p>[vc_row][vc_column][vc_custom_heading text=\u00bbQuins canvis he notat amb el canvi clim\u00e0tic?\u00bb font_container=\u00bbtag:h2|text_align:center\u00bb use_theme_fonts=\u00bbyes\u00bb][vc_empty_space][\/vc_column][\/vc_row][vc_row][vc_column][vc_column_text css=\u00bb.vc_custom_1584512834774{padding-top: 20px !important;padding-right: 20px !important;padding-bottom: 20px !important;padding-left: 20px !important;background-color: #353535 !important;border-radius: 5px !important;}\u00bb]<\/p>\n<p style=\"text-align: justify;\">Per comen\u00e7ar, la mort de coralls o l&#8217;entrada de peixos i altres esp\u00e8cies tropicals al mar Mediterrani, possiblement a causa de l&#8217;augment de la temperatura de l&#8217;aigua.<\/p>\n<p style=\"text-align: justify;\">Pel que fa a terra ferma, s&#8217;aprecia notablement un canvi en el comportament d&#8217;alguns animals. Com a exemple podr\u00edem dir que la brama del c\u00e9rvol a alta muntanya sembla ser que cada any comen\u00e7a m\u00e9s tard, els senglars s&#8217;assenten en territoris muntanyencs de m\u00e9s altitud i la migraci\u00f3 dels tudons \u00e9s cada vegada menor a causa dels hiverns menys freds als seus llocs d&#8217;origen&#8230;<\/p>\n<p style=\"text-align: justify;\">Aquesta manca de fred sembla ser el denominador com\u00fa de les variacions en el comportament de tots aquests animals.<\/p>\n<p>[\/vc_column_text][\/vc_column][\/vc_row]<\/p>\n","protected":false},"excerpt":{"rendered":"<p>[vc_row][vc_column][vc_custom_heading text=\u00bbQuins canvis he notat amb el canvi clim\u00e0tic?\u00bb font_container=\u00bbtag:h2|text_align:center\u00bb use_theme_fonts=\u00bbyes\u00bb][vc_empty_space][\/vc_column][\/vc_row][vc_row][vc_column][vc_column_text css=\u00bb.vc_custom_1584512834774{padding-top: 20px !important;padding-right: 20px !important;padding-bottom: 20px !important;padding-left: 20px !important;background-color: #353535 !important;border-radius: 5px !important;}\u00bb] Per comen\u00e7ar, la mort de coralls o l&#8217;entrada de peixos i altres esp\u00e8cies tropicals al mar Mediterrani, possiblement a causa de l&#8217;augment de la temperatura de l&#8217;aigua. Pel que fa a [&hellip;]<\/p>\n","protected":false},"author":1,"featured_media":1129,"parent":0,"menu_order":0,"comment_status":"closed","ping_status":"closed","template":"","meta":{"footnotes":""},"yoast_head":"<!-- This site is optimized with the Yoast SEO plugin v22.3 - https:\/\/yoast.com\/wordpress\/plugins\/seo\/ -->\n<title>Carles Castillo Nature Productions | Cambio Clim\u00e1tico<\/title>\n<meta name=\"description\" content=\"Cambio Clim\u00e1tico | La muerte de corales o la entrada de peces y otras especies tropicales en el mar Mediterr\u00e1neo, posiblemente debido al aumento de la...\" \/>\n<meta name=\"robots\" content=\"index, follow, max-snippet:-1, max-image-preview:large, max-video-preview:-1\" \/>\n<link rel=\"canonical\" href=\"https:\/\/carlescastillo.com\/web\/ca\/canvi-climatic\/\" \/>\n<meta property=\"og:locale\" content=\"es_ES\" \/>\n<meta property=\"og:type\" content=\"article\" \/>\n<meta property=\"og:title\" content=\"Carles Castillo Nature Productions | Cambio Clim\u00e1tico\" \/>\n<meta property=\"og:description\" content=\"Cambio Clim\u00e1tico | La muerte de corales o la entrada de peces y otras especies tropicales en el mar Mediterr\u00e1neo, posiblemente debido al aumento de la...\" \/>\n<meta property=\"og:url\" content=\"https:\/\/carlescastillo.com\/web\/ca\/canvi-climatic\/\" \/>\n<meta property=\"og:site_name\" content=\"Carles Castillo\" \/>\n<meta property=\"article:publisher\" content=\"https:\/\/www.facebook.com\/carles.castillo.96\" \/>\n<meta property=\"article:modified_time\" content=\"2020-04-21T11:21:55+00:00\" \/>\n<meta property=\"og:image\" content=\"https:\/\/carlescastillo.com\/web\/wp-content\/uploads\/2020\/01\/43.jpg\" \/>\n\t<meta property=\"og:image:width\" content=\"1000\" \/>\n\t<meta property=\"og:image:height\" content=\"650\" \/>\n\t<meta property=\"og:image:type\" content=\"image\/jpeg\" \/>\n<meta name=\"twitter:card\" content=\"summary_large_image\" \/>\n<meta name=\"twitter:site\" content=\"@carlescastillo_\" \/>\n<meta name=\"twitter:label1\" content=\"Tiempo de lectura\" \/>\n\t<meta name=\"twitter:data1\" content=\"1 minuto\" \/>\n<script type=\"application\/ld+json\" class=\"yoast-schema-graph\">{\"@context\":\"https:\/\/schema.org\",\"@graph\":[{\"@type\":\"WebPage\",\"@id\":\"https:\/\/carlescastillo.com\/web\/ca\/canvi-climatic\/\",\"url\":\"https:\/\/carlescastillo.com\/web\/ca\/canvi-climatic\/\",\"name\":\"Carles Castillo Nature Productions | Cambio Clim\u00e1tico\",\"isPartOf\":{\"@id\":\"https:\/\/carlescastillo.com\/web\/#website\"},\"primaryImageOfPage\":{\"@id\":\"https:\/\/carlescastillo.com\/web\/ca\/canvi-climatic\/#primaryimage\"},\"image\":{\"@id\":\"https:\/\/carlescastillo.com\/web\/ca\/canvi-climatic\/#primaryimage\"},\"thumbnailUrl\":\"https:\/\/carlescastillo.com\/web\/wp-content\/uploads\/2020\/01\/43.jpg\",\"datePublished\":\"2020-03-18T06:25:56+00:00\",\"dateModified\":\"2020-04-21T11:21:55+00:00\",\"description\":\"Cambio Clim\u00e1tico | La muerte de corales o la entrada de peces y otras especies tropicales en el mar Mediterr\u00e1neo, posiblemente debido al aumento de la...\",\"breadcrumb\":{\"@id\":\"https:\/\/carlescastillo.com\/web\/ca\/canvi-climatic\/#breadcrumb\"},\"inLanguage\":\"es\",\"potentialAction\":[{\"@type\":\"ReadAction\",\"target\":[\"https:\/\/carlescastillo.com\/web\/ca\/canvi-climatic\/\"]}]},{\"@type\":\"ImageObject\",\"inLanguage\":\"es\",\"@id\":\"https:\/\/carlescastillo.com\/web\/ca\/canvi-climatic\/#primaryimage\",\"url\":\"https:\/\/carlescastillo.com\/web\/wp-content\/uploads\/2020\/01\/43.jpg\",\"contentUrl\":\"https:\/\/carlescastillo.com\/web\/wp-content\/uploads\/2020\/01\/43.jpg\",\"width\":1000,\"height\":650,\"caption\":\"Cambio Clim\u00e1tico\"},{\"@type\":\"BreadcrumbList\",\"@id\":\"https:\/\/carlescastillo.com\/web\/ca\/canvi-climatic\/#breadcrumb\",\"itemListElement\":[{\"@type\":\"ListItem\",\"position\":1,\"name\":\"Portada\",\"item\":\"https:\/\/carlescastillo.com\/web\/\"},{\"@type\":\"ListItem\",\"position\":2,\"name\":\"Canvi clim\u00e0tic\"}]},{\"@type\":\"WebSite\",\"@id\":\"https:\/\/carlescastillo.com\/web\/#website\",\"url\":\"https:\/\/carlescastillo.com\/web\/\",\"name\":\"Carles Castillo\",\"description\":\"Web oficial\",\"publisher\":{\"@id\":\"https:\/\/carlescastillo.com\/web\/#organization\"},\"potentialAction\":[{\"@type\":\"SearchAction\",\"target\":{\"@type\":\"EntryPoint\",\"urlTemplate\":\"https:\/\/carlescastillo.com\/web\/?s={search_term_string}\"},\"query-input\":\"required name=search_term_string\"}],\"inLanguage\":\"es\"},{\"@type\":\"Organization\",\"@id\":\"https:\/\/carlescastillo.com\/web\/#organization\",\"name\":\"Carles Castillo\",\"url\":\"https:\/\/carlescastillo.com\/web\/\",\"logo\":{\"@type\":\"ImageObject\",\"inLanguage\":\"es\",\"@id\":\"https:\/\/carlescastillo.com\/web\/#\/schema\/logo\/image\/\",\"url\":\"https:\/\/carlescastillo.com\/web\/wp-content\/uploads\/2020\/02\/logo_cc_dark_retina.png\",\"contentUrl\":\"https:\/\/carlescastillo.com\/web\/wp-content\/uploads\/2020\/02\/logo_cc_dark_retina.png\",\"width\":444,\"height\":200,\"caption\":\"Carles Castillo\"},\"image\":{\"@id\":\"https:\/\/carlescastillo.com\/web\/#\/schema\/logo\/image\/\"},\"sameAs\":[\"https:\/\/www.facebook.com\/carles.castillo.96\",\"https:\/\/twitter.com\/carlescastillo_\",\"https:\/\/www.instagram.com\/carles.castillo\/\",\"https:\/\/es.linkedin.com\/in\/carlescastillo\",\"https:\/\/www.youtube.com\/channel\/UCUdOfQOvQMQoNJENFeaGK1A\"]}]}<\/script>\n<!-- \/ Yoast SEO plugin. -->","yoast_head_json":{"title":"Carles Castillo Nature Productions | Cambio Clim\u00e1tico","description":"Cambio Clim\u00e1tico | La muerte de corales o la entrada de peces y otras especies tropicales en el mar Mediterr\u00e1neo, posiblemente debido al aumento de la...","robots":{"index":"index","follow":"follow","max-snippet":"max-snippet:-1","max-image-preview":"max-image-preview:large","max-video-preview":"max-video-preview:-1"},"canonical":"https:\/\/carlescastillo.com\/web\/ca\/canvi-climatic\/","og_locale":"es_ES","og_type":"article","og_title":"Carles Castillo Nature Productions | Cambio Clim\u00e1tico","og_description":"Cambio Clim\u00e1tico | La muerte de corales o la entrada de peces y otras especies tropicales en el mar Mediterr\u00e1neo, posiblemente debido al aumento de la...","og_url":"https:\/\/carlescastillo.com\/web\/ca\/canvi-climatic\/","og_site_name":"Carles Castillo","article_publisher":"https:\/\/www.facebook.com\/carles.castillo.96","article_modified_time":"2020-04-21T11:21:55+00:00","og_image":[{"width":1000,"height":650,"url":"https:\/\/carlescastillo.com\/web\/wp-content\/uploads\/2020\/01\/43.jpg","type":"image\/jpeg"}],"twitter_card":"summary_large_image","twitter_site":"@carlescastillo_","twitter_misc":{"Tiempo de lectura":"1 minuto"},"schema":{"@context":"https:\/\/schema.org","@graph":[{"@type":"WebPage","@id":"https:\/\/carlescastillo.com\/web\/ca\/canvi-climatic\/","url":"https:\/\/carlescastillo.com\/web\/ca\/canvi-climatic\/","name":"Carles Castillo Nature Productions | Cambio Clim\u00e1tico","isPartOf":{"@id":"https:\/\/carlescastillo.com\/web\/#website"},"primaryImageOfPage":{"@id":"https:\/\/carlescastillo.com\/web\/ca\/canvi-climatic\/#primaryimage"},"image":{"@id":"https:\/\/carlescastillo.com\/web\/ca\/canvi-climatic\/#primaryimage"},"thumbnailUrl":"https:\/\/carlescastillo.com\/web\/wp-content\/uploads\/2020\/01\/43.jpg","datePublished":"2020-03-18T06:25:56+00:00","dateModified":"2020-04-21T11:21:55+00:00","description":"Cambio Clim\u00e1tico | La muerte de corales o la entrada de peces y otras especies tropicales en el mar Mediterr\u00e1neo, posiblemente debido al aumento de la...","breadcrumb":{"@id":"https:\/\/carlescastillo.com\/web\/ca\/canvi-climatic\/#breadcrumb"},"inLanguage":"es","potentialAction":[{"@type":"ReadAction","target":["https:\/\/carlescastillo.com\/web\/ca\/canvi-climatic\/"]}]},{"@type":"ImageObject","inLanguage":"es","@id":"https:\/\/carlescastillo.com\/web\/ca\/canvi-climatic\/#primaryimage","url":"https:\/\/carlescastillo.com\/web\/wp-content\/uploads\/2020\/01\/43.jpg","contentUrl":"https:\/\/carlescastillo.com\/web\/wp-content\/uploads\/2020\/01\/43.jpg","width":1000,"height":650,"caption":"Cambio Clim\u00e1tico"},{"@type":"BreadcrumbList","@id":"https:\/\/carlescastillo.com\/web\/ca\/canvi-climatic\/#breadcrumb","itemListElement":[{"@type":"ListItem","position":1,"name":"Portada","item":"https:\/\/carlescastillo.com\/web\/"},{"@type":"ListItem","position":2,"name":"Canvi clim\u00e0tic"}]},{"@type":"WebSite","@id":"https:\/\/carlescastillo.com\/web\/#website","url":"https:\/\/carlescastillo.com\/web\/","name":"Carles Castillo","description":"Web oficial","publisher":{"@id":"https:\/\/carlescastillo.com\/web\/#organization"},"potentialAction":[{"@type":"SearchAction","target":{"@type":"EntryPoint","urlTemplate":"https:\/\/carlescastillo.com\/web\/?s={search_term_string}"},"query-input":"required name=search_term_string"}],"inLanguage":"es"},{"@type":"Organization","@id":"https:\/\/carlescastillo.com\/web\/#organization","name":"Carles Castillo","url":"https:\/\/carlescastillo.com\/web\/","logo":{"@type":"ImageObject","inLanguage":"es","@id":"https:\/\/carlescastillo.com\/web\/#\/schema\/logo\/image\/","url":"https:\/\/carlescastillo.com\/web\/wp-content\/uploads\/2020\/02\/logo_cc_dark_retina.png","contentUrl":"https:\/\/carlescastillo.com\/web\/wp-content\/uploads\/2020\/02\/logo_cc_dark_retina.png","width":444,"height":200,"caption":"Carles Castillo"},"image":{"@id":"https:\/\/carlescastillo.com\/web\/#\/schema\/logo\/image\/"},"sameAs":["https:\/\/www.facebook.com\/carles.castillo.96","https:\/\/twitter.com\/carlescastillo_","https:\/\/www.instagram.com\/carles.castillo\/","https:\/\/es.linkedin.com\/in\/carlescastillo","https:\/\/www.youtube.com\/channel\/UCUdOfQOvQMQoNJENFeaGK1A"]}]}},"_links":{"self":[{"href":"https:\/\/carlescastillo.com\/web\/wp-json\/wp\/v2\/pages\/1402"}],"collection":[{"href":"https:\/\/carlescastillo.com\/web\/wp-json\/wp\/v2\/pages"}],"about":[{"href":"https:\/\/carlescastillo.com\/web\/wp-json\/wp\/v2\/types\/page"}],"author":[{"embeddable":true,"href":"https:\/\/carlescastillo.com\/web\/wp-json\/wp\/v2\/users\/1"}],"replies":[{"embeddable":true,"href":"https:\/\/carlescastillo.com\/web\/wp-json\/wp\/v2\/comments?post=1402"}],"version-history":[{"count":5,"href":"https:\/\/carlescastillo.com\/web\/wp-json\/wp\/v2\/pages\/1402\/revisions"}],"predecessor-version":[{"id":1558,"href":"https:\/\/carlescastillo.com\/web\/wp-json\/wp\/v2\/pages\/1402\/revisions\/1558"}],"wp:featuredmedia":[{"embeddable":true,"href":"https:\/\/carlescastillo.com\/web\/wp-json\/wp\/v2\/media\/1129"}],"wp:attachment":[{"href":"https:\/\/carlescastillo.com\/web\/wp-json\/wp\/v2\/media?parent=1402"}],"curies":[{"name":"wp","href":"https:\/\/api.w.org\/{rel}","templated":true}]}}