{"id":1392,"date":"2020-03-18T06:01:25","date_gmt":"2020-03-18T06:01:25","guid":{"rendered":"https:\/\/carlescastillo.com\/web\/?page_id=1392"},"modified":"2021-02-11T22:44:47","modified_gmt":"2021-02-11T22:44:47","slug":"sobre-mi-2","status":"publish","type":"page","link":"https:\/\/carlescastillo.com\/web\/ca\/sobre-mi-2\/","title":{"rendered":"Sobre mi"},"content":{"rendered":"<p>[vc_row gap=\u00bb35&#8243; css=\u00bb.vc_custom_1580204172250{padding-top: 50px !important;padding-bottom: 100px !important;}\u00bb][vc_column width=\u00bb1\/2&#8243;][vc_single_image image=\u00bb1195&#8243; img_size=\u00bbfull\u00bb][\/vc_column][vc_column width=\u00bb1\/2&#8243;][vc_custom_heading text=\u00bbCARLES CASTILLO\u00bb font_container=\u00bbtag:h2|font_size:40px|text_align:left|color:%23f2b449|line_height:1em\u00bb google_fonts=\u00bbfont_family:Montserrat%3Aregular%2C700|font_style:700%20bold%20regular%3A700%3Anormal\u00bb css=\u00bb.vc_custom_1580488188599{margin-bottom: 40px !important;}\u00bb][vc_column_text css=\u00bb.vc_custom_1584511750319{margin-bottom: 10px !important;}\u00bb]<\/p>\n<p style=\"text-align: justify; font-size: 13px;\">Treballo com a operador de c\u00e0mera des de l&#8217;any 2000, amb seu a Barcelona, \u200b\u200bEspanya. Graduat com a T\u00e8cnic Superior en Imatge per l&#8217;Escola Polit\u00e8cnica Sant Ignasi Sarri\u00e0, Barcelona, \u200b\u200bestic especialitzat en imatge submarina i en vida salvatge.<\/p>\n<p style=\"text-align: justify; font-size: 13px;\">Des de la creaci\u00f3 de la productora CARLES CASTILLO &#8211; NATURE PRODUCTIONS he estat gravant imatge submarina per diferents mars i oceans, a m\u00e9s de vida salvatge en selves tropicals i en alta muntanya.<br \/>\nEls documentals produ\u00efts per la productora s&#8217;emeten en m\u00e9s de 83 pa\u00efsos.<\/p>\n<p style=\"text-align: justify; font-size: 13px;\">Les meves imatges han estat gravades i emeses entre d&#8217;altres per: Air Europa, Televisi\u00f3 Espanyola (TVE SA), Televisi\u00f3 de Catalunya (TV3), Discovery, Grupo V, Canal +, Canal 7, Federaci\u00f3 Espanyola d&#8217;Activitats Subaqu\u00e0tiques (FEDAS), Federaci\u00f3 Catalana d&#8217;Activitats Subaqu\u00e0tiques (FECDAS), Ajuntament de Barcelona, \u200b\u200bAjuntament de Matar\u00f3, Xatrac.org, Photomarina, Geonature, CEAB-CSIC, Aqualung Espanya i Portugal i Cressi Espanya.<\/p>\n<p style=\"text-align: justify; font-size: 13px;\"><strong>Preparat per explorar?<\/strong><\/p>\n<p>[\/vc_column_text][\/vc_column][\/vc_row][vc_row gap=\u00bb35&#8243;][vc_column width=\u00bb1\/2&#8243;][vc_custom_heading text=\u00bbSERVEIS\u00bb font_container=\u00bbtag:h2|font_size:40px|text_align:left|color:%23f2b449|line_height:1em\u00bb google_fonts=\u00bbfont_family:Montserrat%3Aregular%2C700|font_style:700%20bold%20regular%3A700%3Anormal\u00bb css=\u00bb.vc_custom_1584511770964{margin-bottom: 40px !important;}\u00bb][vc_column_text]<\/p>\n<ul>\n<li>\n<p style=\"text-align: justify; font-size: 13px;\"><strong>DOCUMENTALS DE NATURA:<\/strong> Realitzem documentals de natura per a canals tem\u00e0tics i revistes especialitzades. Treballo a terra, mar o aire (Drone). Disposo dels millors equips per treure el major rendiment de l&#8217;entorn i oferir els millors resultats, ja sigui en alta muntanya o sota la superf\u00edcie de la mar.<\/p>\n<p>&nbsp;<\/li>\n<li>\n<p style=\"text-align: justify; font-size: 13px;\"><strong>IMATGE SUBMARINA:<\/strong> La imatge submarina \u00e9s una part molt important de la meva tasca di\u00e0ria. Especialitzat en aquest sector des del 1999, he col\u00b7laborat en importants projectes de diferents televisions com la s\u00e8rie Bubbles de TVE, S.A. o els diferents reportatges emesos en diferents canals tem\u00e0tics.<br \/>\n<a href=\"http:\/\/www.rtve.es\/alacarta\/videos\/bubbles\/bubbles-layang-layang\/3307982\/\">http:\/\/www.rtve.es\/alacarta\/videos\/bubbles\/bubbles-layang-layang\/3307982\/<\/a><br \/>\n<a href=\"http:\/\/www.rtve.es\/alacarta\/videos\/bubbles\/bubbles-raja-empat\/4704324\/\">http:\/\/www.rtve.es\/alacarta\/videos\/bubbles\/bubbles-raja-empat\/4704324\/<\/a><\/p>\n<p>&nbsp;<\/li>\n<li>\n<p style=\"text-align: justify; font-size: 13px;\"><strong>REPORTATGES CIENT\u00cdFICS:<\/strong><br \/>\nEstan relacionats amb el m\u00f3n de la ci\u00e8ncia. Organitzacions col\u00b7laboradores del CSIC com<a href=\"https:\/\/www.xatrac.org\/\" target=\"_blank\" rel=\"noopener\"><span style=\"color: #999999;\"> Xatrac <\/span><\/a>o com <a href=\"https:\/\/www.instagram.com\/hidden_deserts\/\" target=\"_blank\" rel=\"noopener\"><span style=\"color: #999999;\">HiddenDeserts <\/span><\/a>s\u00f3n exemples de clients d&#8217;aquesta \u00edndole.<\/p>\n<\/li>\n<\/ul>\n<p>[\/vc_column_text][vc_empty_space][vc_custom_heading text=\u00bbEQUIP\u00bb font_container=\u00bbtag:h2|font_size:40px|text_align:left|color:%23f2b449|line_height:1em\u00bb google_fonts=\u00bbfont_family:Montserrat%3Aregular%2C700|font_style:700%20bold%20regular%3A700%3Anormal\u00bb css=\u00bb.vc_custom_1584511796427{margin-bottom: 40px !important;}\u00bb][vc_column_text]<\/p>\n<p style=\"text-align: justify; font-size: 13px;\">disposem d\u00b4equips complets de gravaci\u00f3 a terra, mar o aire en format RAW, 6k, 4k, UHD i FULL HD.<\/p>\n<ul>\n<li>\n<p style=\"text-align: justify; font-size: 13px;\"><strong>TERRA:<\/strong> Equip de gravaci\u00f3 6k i 4k amb les \u00faltimes c\u00e0meres de mercat.<\/p>\n<\/li>\n<li>\n<p style=\"text-align: justify; font-size: 13px;\"><strong>MAR:<\/strong> Dins i fora de l&#8217;aigua. Gravacions submarines de m\u00e0xima qualitat en 6k i 4k. Il\u00b7luminaci\u00f3 subaqu\u00e0tica LED.<\/p>\n<\/li>\n<li>\n<p style=\"text-align: justify; font-size: 13px;\"><strong>AIRE:<\/strong> Drone 4k.<\/p>\n<\/li>\n<\/ul>\n<p style=\"text-align: justify; font-size: 13px;\">A m\u00e9s comptem amb equip complet d&#8217;edici\u00f3 i postproducci\u00f3 en 8k, 6k, 4k i FULL HD, coloristes, experts en edici\u00f3 d&#8217;\u00e0udio, locutors especialitzats en documentals i publicitat (documentals de TVE2, Discovery Channel, etc). Tot un equip totalment especialitzat per a dur a bon terme qualsevol projecte.<\/p>\n<p>[\/vc_column_text][\/vc_column][vc_column width=\u00bb1\/2&#8243;][vc_custom_heading text=\u00bbCURRICULUM\u00bb font_container=\u00bbtag:h2|font_size:40px|text_align:left|color:%23f2b449|line_height:1em\u00bb google_fonts=\u00bbfont_family:Montserrat%3Aregular%2C700|font_style:700%20bold%20regular%3A700%3Anormal\u00bb css=\u00bb.vc_custom_1584511780384{margin-bottom: 40px !important;}\u00bb][vc_column_text]<span style=\"font-size: 13px;\"><strong>Carles Castillo \u2013\u00a0 Nature Productions (2000 fins actualitat)<br \/>\n<\/strong>Operador de c\u00e0mera, edici\u00f3 i postproducci\u00f3. Imatge submarina i terrestre. Realitzaci\u00f3 de documentals de natura.<\/span><\/p>\n<p><span style=\"font-size: 13px;\"><strong>Reivax Films (2004 \u2013 2011)<br \/>\n<\/strong>Operador de c\u00e0mera, edici\u00f3 i postproducci\u00f3. Imatge submarina i terrestre.<\/span><\/p>\n<p><span style=\"font-size: 13px;\"><strong>Natural Vision Films (2009 \u2013 2010)<br \/>\n<\/strong>Operador de c\u00e0mera i c\u00e0mera submar\u00ed, gravant i editant documentals de natura.<\/span><\/p>\n<p><span style=\"font-size: 13px;\"><strong>TVE,S.A. (2004 \u2013 2005)<br \/>\n<\/strong>Operador de c\u00e0mera. Imatge submarina i terrestre.<\/span><\/p>\n<p><span style=\"font-size: 13px;\"><strong>Discovery Channel (2004)<br \/>\n<\/strong>Operador de c\u00e0mera. Imatge submarina.<\/span><\/p>\n<p><span style=\"font-size: 13px;\"><strong>Localia Viladecans TV (2003)<br \/>\n<\/strong>Operador de c\u00e0mera i edici\u00f3 en informatius.<\/span><\/p>\n<p><span style=\"font-size: 13px;\"><strong>Photomarina (2003)<br \/>\n<\/strong>Operador de c\u00e0mera. Imatge submarina i terrestre.<\/span><\/p>\n<p><span style=\"font-size: 13px;\"><strong>2000 \u2013 Hasta actualidad<br \/>\n<\/strong>Confer\u00e8ncies i pon\u00e8ncies sobre imatge submarina.<\/span><\/p>\n<p><span style=\"font-size: 13px;\"><strong>Jurat Nacional d&#8217;V\u00eddeo Submar\u00ed<\/strong><\/span>[\/vc_column_text][\/vc_column][\/vc_row][vc_row css=\u00bb.vc_custom_1441980571725{padding-top: 100px !important;}\u00bb][vc_column][vc_custom_heading text=\u00bbSPONSORS\u00bb font_container=\u00bbtag:h2|font_size:22px|text_align:center|line_height:1em\u00bb google_fonts=\u00bbfont_family:Montserrat%3Aregular%2C700|font_style:700%20bold%20regular%3A700%3Anormal\u00bb css=\u00bb.vc_custom_1580203736177{margin-bottom: 40px !important;}\u00bb][vc_single_image image=\u00bb1335&#8243; img_size=\u00bb1920&#215;100&#8243; alignment=\u00bbcenter\u00bb][vc_column_text]<\/p>\n<p style=\"text-align: center; font-size: 13px;\">Voldria agrair el total suport a tots els meus patrocinadors.<\/p>\n<p style=\"text-align: center; font-size: 13px;\"><strong>Aqualung Espanya i Portugal<\/strong><br \/>\n<a href=\"http:\/\/www.aqualung.com\/es\/\" target=\"_blank\" rel=\"noopener noreferrer\">http:\/\/www.aqualung.com\/es\/<\/a><\/p>\n<p style=\"text-align: center; font-size: 13px;\"><strong>Apeks<\/strong><br \/>\n<a href=\"https:\/\/www.apeksdiving.com\/es\/\" target=\"_blank\" rel=\"noopener noreferrer\">https:\/\/www.apeksdiving.com\/es\/<\/a><\/p>\n<p style=\"text-align: center; font-size: 13px;\"><strong>Suministros Evia<\/strong><br \/>\n<a href=\"https:\/\/www.evia.es\/\" target=\"_blank\" rel=\"noopener noreferrer\">https:\/\/www.evia.es\/<\/a><\/p>\n<p style=\"text-align: center; font-size: 13px;\"><strong>Hart-hunting<\/strong><br \/>\n<a href=\"https:\/\/www.hart-hunting.com\/es\" target=\"_blank\" rel=\"noopener noreferrer\">https:\/\/www.hart-hunting.com\/es<\/a><\/p>\n<p>[\/vc_column_text][\/vc_column][\/vc_row]<\/p>\n","protected":false},"excerpt":{"rendered":"<p>[vc_row gap=\u00bb35&#8243; css=\u00bb.vc_custom_1580204172250{padding-top: 50px !important;padding-bottom: 100px !important;}\u00bb][vc_column width=\u00bb1\/2&#8243;][vc_single_image image=\u00bb1195&#8243; img_size=\u00bbfull\u00bb][\/vc_column][vc_column width=\u00bb1\/2&#8243;][vc_custom_heading text=\u00bbCARLES CASTILLO\u00bb font_container=\u00bbtag:h2|font_size:40px|text_align:left|color:%23f2b449|line_height:1em\u00bb google_fonts=\u00bbfont_family:Montserrat%3Aregular%2C700|font_style:700%20bold%20regular%3A700%3Anormal\u00bb css=\u00bb.vc_custom_1580488188599{margin-bottom: 40px !important;}\u00bb][vc_column_text css=\u00bb.vc_custom_1584511750319{margin-bottom: 10px !important;}\u00bb] Treballo com a operador de c\u00e0mera des de l&#8217;any 2000, amb seu a Barcelona, \u200b\u200bEspanya. Graduat com a T\u00e8cnic Superior en Imatge per l&#8217;Escola Polit\u00e8cnica Sant Ignasi Sarri\u00e0, Barcelona, \u200b\u200bestic especialitzat en imatge submarina [&hellip;]<\/p>\n","protected":false},"author":1,"featured_media":1332,"parent":0,"menu_order":0,"comment_status":"closed","ping_status":"closed","template":"","meta":{"footnotes":""},"yoast_head":"<!-- This site is optimized with the Yoast SEO plugin v22.3 - https:\/\/yoast.com\/wordpress\/plugins\/seo\/ -->\n<title>Carles Castillo Natura Productions | Sobre m\u00ed<\/title>\n<meta name=\"description\" content=\"Carles Castillo: Operador de c\u00e1mara freelance desde el a\u00f1o 2000, con sede en Barcelona, Espa\u00f1a. Estoy especializado en imagen submarina y en vida salvaje.\" \/>\n<meta name=\"robots\" content=\"index, follow, max-snippet:-1, max-image-preview:large, max-video-preview:-1\" \/>\n<link rel=\"canonical\" href=\"https:\/\/carlescastillo.com\/web\/ca\/sobre-mi-2\/\" \/>\n<meta property=\"og:locale\" content=\"es_ES\" \/>\n<meta property=\"og:type\" content=\"article\" \/>\n<meta property=\"og:title\" content=\"Carles Castillo Natura Productions | Sobre m\u00ed\" \/>\n<meta property=\"og:description\" content=\"Carles Castillo: Operador de c\u00e1mara freelance desde el a\u00f1o 2000, con sede en Barcelona, Espa\u00f1a. Estoy especializado en imagen submarina y en vida salvaje.\" \/>\n<meta property=\"og:url\" content=\"https:\/\/carlescastillo.com\/web\/ca\/sobre-mi-2\/\" \/>\n<meta property=\"og:site_name\" content=\"Carles Castillo\" \/>\n<meta property=\"article:publisher\" content=\"https:\/\/www.facebook.com\/carles.castillo.96\" \/>\n<meta property=\"article:modified_time\" content=\"2021-02-11T22:44:47+00:00\" \/>\n<meta property=\"og:image\" content=\"https:\/\/carlescastillo.com\/web\/wp-content\/uploads\/2020\/03\/sobre_mii_03.jpg\" \/>\n\t<meta property=\"og:image:width\" content=\"1920\" \/>\n\t<meta property=\"og:image:height\" content=\"1868\" \/>\n\t<meta property=\"og:image:type\" content=\"image\/jpeg\" \/>\n<meta name=\"twitter:card\" content=\"summary_large_image\" \/>\n<meta name=\"twitter:site\" content=\"@carlescastillo_\" \/>\n<meta name=\"twitter:label1\" content=\"Tiempo de lectura\" \/>\n\t<meta name=\"twitter:data1\" content=\"3 minutos\" \/>\n<script type=\"application\/ld+json\" class=\"yoast-schema-graph\">{\"@context\":\"https:\/\/schema.org\",\"@graph\":[{\"@type\":\"WebPage\",\"@id\":\"https:\/\/carlescastillo.com\/web\/ca\/sobre-mi-2\/\",\"url\":\"https:\/\/carlescastillo.com\/web\/ca\/sobre-mi-2\/\",\"name\":\"Carles Castillo Natura Productions | Sobre m\u00ed\",\"isPartOf\":{\"@id\":\"https:\/\/carlescastillo.com\/web\/#website\"},\"primaryImageOfPage\":{\"@id\":\"https:\/\/carlescastillo.com\/web\/ca\/sobre-mi-2\/#primaryimage\"},\"image\":{\"@id\":\"https:\/\/carlescastillo.com\/web\/ca\/sobre-mi-2\/#primaryimage\"},\"thumbnailUrl\":\"https:\/\/carlescastillo.com\/web\/wp-content\/uploads\/2020\/03\/sobre_mii_03.jpg\",\"datePublished\":\"2020-03-18T06:01:25+00:00\",\"dateModified\":\"2021-02-11T22:44:47+00:00\",\"description\":\"Carles Castillo: Operador de c\u00e1mara freelance desde el a\u00f1o 2000, con sede en Barcelona, Espa\u00f1a. Estoy especializado en imagen submarina y en vida salvaje.\",\"breadcrumb\":{\"@id\":\"https:\/\/carlescastillo.com\/web\/ca\/sobre-mi-2\/#breadcrumb\"},\"inLanguage\":\"es\",\"potentialAction\":[{\"@type\":\"ReadAction\",\"target\":[\"https:\/\/carlescastillo.com\/web\/ca\/sobre-mi-2\/\"]}]},{\"@type\":\"ImageObject\",\"inLanguage\":\"es\",\"@id\":\"https:\/\/carlescastillo.com\/web\/ca\/sobre-mi-2\/#primaryimage\",\"url\":\"https:\/\/carlescastillo.com\/web\/wp-content\/uploads\/2020\/03\/sobre_mii_03.jpg\",\"contentUrl\":\"https:\/\/carlescastillo.com\/web\/wp-content\/uploads\/2020\/03\/sobre_mii_03.jpg\",\"width\":1920,\"height\":1868,\"caption\":\"Carles Castillo Natura Productions Sobre m\u00ed\"},{\"@type\":\"BreadcrumbList\",\"@id\":\"https:\/\/carlescastillo.com\/web\/ca\/sobre-mi-2\/#breadcrumb\",\"itemListElement\":[{\"@type\":\"ListItem\",\"position\":1,\"name\":\"Portada\",\"item\":\"https:\/\/carlescastillo.com\/web\/\"},{\"@type\":\"ListItem\",\"position\":2,\"name\":\"Sobre mi\"}]},{\"@type\":\"WebSite\",\"@id\":\"https:\/\/carlescastillo.com\/web\/#website\",\"url\":\"https:\/\/carlescastillo.com\/web\/\",\"name\":\"Carles Castillo\",\"description\":\"Web oficial\",\"publisher\":{\"@id\":\"https:\/\/carlescastillo.com\/web\/#organization\"},\"potentialAction\":[{\"@type\":\"SearchAction\",\"target\":{\"@type\":\"EntryPoint\",\"urlTemplate\":\"https:\/\/carlescastillo.com\/web\/?s={search_term_string}\"},\"query-input\":\"required name=search_term_string\"}],\"inLanguage\":\"es\"},{\"@type\":\"Organization\",\"@id\":\"https:\/\/carlescastillo.com\/web\/#organization\",\"name\":\"Carles Castillo\",\"url\":\"https:\/\/carlescastillo.com\/web\/\",\"logo\":{\"@type\":\"ImageObject\",\"inLanguage\":\"es\",\"@id\":\"https:\/\/carlescastillo.com\/web\/#\/schema\/logo\/image\/\",\"url\":\"https:\/\/carlescastillo.com\/web\/wp-content\/uploads\/2020\/02\/logo_cc_dark_retina.png\",\"contentUrl\":\"https:\/\/carlescastillo.com\/web\/wp-content\/uploads\/2020\/02\/logo_cc_dark_retina.png\",\"width\":444,\"height\":200,\"caption\":\"Carles Castillo\"},\"image\":{\"@id\":\"https:\/\/carlescastillo.com\/web\/#\/schema\/logo\/image\/\"},\"sameAs\":[\"https:\/\/www.facebook.com\/carles.castillo.96\",\"https:\/\/twitter.com\/carlescastillo_\",\"https:\/\/www.instagram.com\/carles.castillo\/\",\"https:\/\/es.linkedin.com\/in\/carlescastillo\",\"https:\/\/www.youtube.com\/channel\/UCUdOfQOvQMQoNJENFeaGK1A\"]}]}<\/script>\n<!-- \/ Yoast SEO plugin. -->","yoast_head_json":{"title":"Carles Castillo Natura Productions | Sobre m\u00ed","description":"Carles Castillo: Operador de c\u00e1mara freelance desde el a\u00f1o 2000, con sede en Barcelona, Espa\u00f1a. Estoy especializado en imagen submarina y en vida salvaje.","robots":{"index":"index","follow":"follow","max-snippet":"max-snippet:-1","max-image-preview":"max-image-preview:large","max-video-preview":"max-video-preview:-1"},"canonical":"https:\/\/carlescastillo.com\/web\/ca\/sobre-mi-2\/","og_locale":"es_ES","og_type":"article","og_title":"Carles Castillo Natura Productions | Sobre m\u00ed","og_description":"Carles Castillo: Operador de c\u00e1mara freelance desde el a\u00f1o 2000, con sede en Barcelona, Espa\u00f1a. Estoy especializado en imagen submarina y en vida salvaje.","og_url":"https:\/\/carlescastillo.com\/web\/ca\/sobre-mi-2\/","og_site_name":"Carles Castillo","article_publisher":"https:\/\/www.facebook.com\/carles.castillo.96","article_modified_time":"2021-02-11T22:44:47+00:00","og_image":[{"width":1920,"height":1868,"url":"https:\/\/carlescastillo.com\/web\/wp-content\/uploads\/2020\/03\/sobre_mii_03.jpg","type":"image\/jpeg"}],"twitter_card":"summary_large_image","twitter_site":"@carlescastillo_","twitter_misc":{"Tiempo de lectura":"3 minutos"},"schema":{"@context":"https:\/\/schema.org","@graph":[{"@type":"WebPage","@id":"https:\/\/carlescastillo.com\/web\/ca\/sobre-mi-2\/","url":"https:\/\/carlescastillo.com\/web\/ca\/sobre-mi-2\/","name":"Carles Castillo Natura Productions | Sobre m\u00ed","isPartOf":{"@id":"https:\/\/carlescastillo.com\/web\/#website"},"primaryImageOfPage":{"@id":"https:\/\/carlescastillo.com\/web\/ca\/sobre-mi-2\/#primaryimage"},"image":{"@id":"https:\/\/carlescastillo.com\/web\/ca\/sobre-mi-2\/#primaryimage"},"thumbnailUrl":"https:\/\/carlescastillo.com\/web\/wp-content\/uploads\/2020\/03\/sobre_mii_03.jpg","datePublished":"2020-03-18T06:01:25+00:00","dateModified":"2021-02-11T22:44:47+00:00","description":"Carles Castillo: Operador de c\u00e1mara freelance desde el a\u00f1o 2000, con sede en Barcelona, Espa\u00f1a. Estoy especializado en imagen submarina y en vida salvaje.","breadcrumb":{"@id":"https:\/\/carlescastillo.com\/web\/ca\/sobre-mi-2\/#breadcrumb"},"inLanguage":"es","potentialAction":[{"@type":"ReadAction","target":["https:\/\/carlescastillo.com\/web\/ca\/sobre-mi-2\/"]}]},{"@type":"ImageObject","inLanguage":"es","@id":"https:\/\/carlescastillo.com\/web\/ca\/sobre-mi-2\/#primaryimage","url":"https:\/\/carlescastillo.com\/web\/wp-content\/uploads\/2020\/03\/sobre_mii_03.jpg","contentUrl":"https:\/\/carlescastillo.com\/web\/wp-content\/uploads\/2020\/03\/sobre_mii_03.jpg","width":1920,"height":1868,"caption":"Carles Castillo Natura Productions Sobre m\u00ed"},{"@type":"BreadcrumbList","@id":"https:\/\/carlescastillo.com\/web\/ca\/sobre-mi-2\/#breadcrumb","itemListElement":[{"@type":"ListItem","position":1,"name":"Portada","item":"https:\/\/carlescastillo.com\/web\/"},{"@type":"ListItem","position":2,"name":"Sobre mi"}]},{"@type":"WebSite","@id":"https:\/\/carlescastillo.com\/web\/#website","url":"https:\/\/carlescastillo.com\/web\/","name":"Carles Castillo","description":"Web oficial","publisher":{"@id":"https:\/\/carlescastillo.com\/web\/#organization"},"potentialAction":[{"@type":"SearchAction","target":{"@type":"EntryPoint","urlTemplate":"https:\/\/carlescastillo.com\/web\/?s={search_term_string}"},"query-input":"required name=search_term_string"}],"inLanguage":"es"},{"@type":"Organization","@id":"https:\/\/carlescastillo.com\/web\/#organization","name":"Carles Castillo","url":"https:\/\/carlescastillo.com\/web\/","logo":{"@type":"ImageObject","inLanguage":"es","@id":"https:\/\/carlescastillo.com\/web\/#\/schema\/logo\/image\/","url":"https:\/\/carlescastillo.com\/web\/wp-content\/uploads\/2020\/02\/logo_cc_dark_retina.png","contentUrl":"https:\/\/carlescastillo.com\/web\/wp-content\/uploads\/2020\/02\/logo_cc_dark_retina.png","width":444,"height":200,"caption":"Carles Castillo"},"image":{"@id":"https:\/\/carlescastillo.com\/web\/#\/schema\/logo\/image\/"},"sameAs":["https:\/\/www.facebook.com\/carles.castillo.96","https:\/\/twitter.com\/carlescastillo_","https:\/\/www.instagram.com\/carles.castillo\/","https:\/\/es.linkedin.com\/in\/carlescastillo","https:\/\/www.youtube.com\/channel\/UCUdOfQOvQMQoNJENFeaGK1A"]}]}},"_links":{"self":[{"href":"https:\/\/carlescastillo.com\/web\/wp-json\/wp\/v2\/pages\/1392"}],"collection":[{"href":"https:\/\/carlescastillo.com\/web\/wp-json\/wp\/v2\/pages"}],"about":[{"href":"https:\/\/carlescastillo.com\/web\/wp-json\/wp\/v2\/types\/page"}],"author":[{"embeddable":true,"href":"https:\/\/carlescastillo.com\/web\/wp-json\/wp\/v2\/users\/1"}],"replies":[{"embeddable":true,"href":"https:\/\/carlescastillo.com\/web\/wp-json\/wp\/v2\/comments?post=1392"}],"version-history":[{"count":13,"href":"https:\/\/carlescastillo.com\/web\/wp-json\/wp\/v2\/pages\/1392\/revisions"}],"predecessor-version":[{"id":1588,"href":"https:\/\/carlescastillo.com\/web\/wp-json\/wp\/v2\/pages\/1392\/revisions\/1588"}],"wp:featuredmedia":[{"embeddable":true,"href":"https:\/\/carlescastillo.com\/web\/wp-json\/wp\/v2\/media\/1332"}],"wp:attachment":[{"href":"https:\/\/carlescastillo.com\/web\/wp-json\/wp\/v2\/media?parent=1392"}],"curies":[{"name":"wp","href":"https:\/\/api.w.org\/{rel}","templated":true}]}}