{"id":1187,"date":"2020-01-31T11:43:45","date_gmt":"2020-01-31T11:43:45","guid":{"rendered":"https:\/\/carlescastillo.com\/web\/?page_id=1187"},"modified":"2020-03-09T11:51:43","modified_gmt":"2020-03-09T11:51:43","slug":"contacto","status":"publish","type":"page","link":"https:\/\/carlescastillo.com\/web\/contacto\/","title":{"rendered":"Contacto"},"content":{"rendered":"<p>[vc_row][vc_column width=\u00bb1\/2&#8243;][vc_custom_heading text=\u00bbHOLA!\u00bb font_container=\u00bbtag:h1|text_align:left\u00bb google_fonts=\u00bbfont_family:Roboto%3A100%2C100italic%2C300%2C300italic%2Cregular%2Citalic%2C500%2C500italic%2C700%2C700italic%2C900%2C900italic|font_style:900%20bold%20regular%3A900%3Anormal\u00bb][vc_column_text]Puedes contactar con nosotros a trav\u00e9s de este formulario \u00f3 escribiendo directamente a <a href=\"mailto:info@carlescastillo.com\">info@carlescastillo.com<\/a>[\/vc_column_text][vc_empty_space height=\u00bb40px\u00bb]<div role=\"form\" class=\"wpcf7\" id=\"wpcf7-f1191-o1\" lang=\"es-ES\" dir=\"ltr\">\n<div class=\"screen-reader-response\"><p role=\"status\" aria-live=\"polite\" aria-atomic=\"true\"><\/p> <ul><\/ul><\/div>\n<form action=\"\/web\/wp-json\/wp\/v2\/pages\/1187#wpcf7-f1191-o1\" method=\"post\" class=\"wpcf7-form init\" novalidate=\"novalidate\" data-status=\"init\">\n<div style=\"display: none;\">\n<input type=\"hidden\" name=\"_wpcf7\" value=\"1191\" \/>\n<input type=\"hidden\" name=\"_wpcf7_version\" value=\"5.5.3\" \/>\n<input type=\"hidden\" name=\"_wpcf7_locale\" value=\"es_ES\" \/>\n<input type=\"hidden\" name=\"_wpcf7_unit_tag\" value=\"wpcf7-f1191-o1\" \/>\n<input type=\"hidden\" name=\"_wpcf7_container_post\" value=\"0\" \/>\n<input type=\"hidden\" name=\"_wpcf7_posted_data_hash\" value=\"\" \/>\n<\/div>\n<p><label> Nombre (requerido)<br \/>\n    <span class=\"wpcf7-form-control-wrap your-name\"><input type=\"text\" name=\"your-name\" value=\"\" size=\"40\" class=\"wpcf7-form-control wpcf7-text wpcf7-validates-as-required\" aria-required=\"true\" aria-invalid=\"false\" \/><\/span> <\/label><\/p>\n<p><label> Email (requerido)<br \/>\n    <span class=\"wpcf7-form-control-wrap your-email\"><input type=\"email\" name=\"your-email\" value=\"\" size=\"40\" class=\"wpcf7-form-control wpcf7-text wpcf7-email wpcf7-validates-as-required wpcf7-validates-as-email\" aria-required=\"true\" aria-invalid=\"false\" \/><\/span> <\/label><\/p>\n<p><label> T\u00edtulo del mensaje<br \/>\n    <span class=\"wpcf7-form-control-wrap your-subject\"><input type=\"text\" name=\"your-subject\" value=\"\" size=\"40\" class=\"wpcf7-form-control wpcf7-text\" aria-invalid=\"false\" \/><\/span> <\/label><\/p>\n<p><label> Escriba su mensaje<br \/>\n    <span class=\"wpcf7-form-control-wrap your-message\"><textarea name=\"your-message\" cols=\"40\" rows=\"10\" class=\"wpcf7-form-control wpcf7-textarea\" aria-invalid=\"false\"><\/textarea><\/span> <\/label><\/p>\n<p><input type=\"submit\" value=\"Enviar\" class=\"wpcf7-form-control has-spinner wpcf7-submit\" \/><\/p>\n<div class=\"wpcf7-response-output\" aria-hidden=\"true\"><\/div><\/form><\/div>[\/vc_column][vc_column width=\u00bb1\/2&#8243;][vc_custom_heading text=\u00bbCARLES CASTILLO NATURE PRODUCTIONS\u00bb font_container=\u00bbtag:h3|text_align:left\u00bb google_fonts=\u00bbfont_family:Roboto%3A100%2C100italic%2C300%2C300italic%2Cregular%2Citalic%2C500%2C500italic%2C700%2C700italic%2C900%2C900italic|font_style:400%20regular%3A400%3Anormal\u00bb][vc_column_text]Tel. (+34) 670 898 490<br \/>\n<a href=\"mailto:info@carlescastillo.com\">info@carlescastillo.com<\/a><\/p>\n<p>08460, Sta M\u00aa Palautordera<br \/>\n(Barcelona) &#8211; Espa\u00f1a[\/vc_column_text][vc_gmaps link=\u00bb#E-8_JTNDaWZyYW1lJTIwc3JjJTNEJTIyaHR0cHMlM0ElMkYlMkZ3d3cuZ29vZ2xlLmNvbSUyRm1hcHMlMkZlbWJlZCUzRnBiJTNEJTIxMW0xOCUyMTFtMTIlMjExbTMlMjExZDExOTE3LjQxMDk4NjgwMTc3OSUyMTJkMi40MzgwNDQyOTE1MjA3ODk0JTIxM2Q0MS42OTEzMjAxNDExMjg5NSUyMTJtMyUyMTFmMCUyMTJmMCUyMTNmMCUyMTNtMiUyMTFpMTAyNCUyMTJpNzY4JTIxNGYxMy4xJTIxM20zJTIxMW0yJTIxMXMweDEyYTRjY2RmYjA4ZjI4ODUlMjUzQTB4ZWIxYmIyYWEzNjgzZmMzZiUyMTJzMDg0NjAlMjUyMFNhbnRhJTI1MjBNYXIlMjVDMyUyNUFEYSUyNTIwZGUlMjUyMFBhbGF1dG9yZGVyYSUyNTJDJTI1MjBCYXJjZWxvbmElMjE1ZTAlMjEzbTIlMjExc2VzJTIxMnNlcyUyMTR2MTU4MDkyMzU1NzY0MyUyMTVtMiUyMTFzZXMlMjEyc2VzJTIyJTIwd2lkdGglM0QlMjI2MDAlMjIlMjBoZWlnaHQlM0QlMjI0NTAlMjIlMjBmcmFtZWJvcmRlciUzRCUyMjAlMjIlMjBzdHlsZSUzRCUyMmJvcmRlciUzQTAlM0IlMjIlMjBhbGxvd2Z1bGxzY3JlZW4lM0QlMjIlMjIlM0UlM0MlMkZpZnJhbWUlM0U=\u00bb][\/vc_column][\/vc_row]<\/p>\n","protected":false},"excerpt":{"rendered":"<p>[vc_row][vc_column width=\u00bb1\/2&#8243;][vc_custom_heading text=\u00bbHOLA!\u00bb font_container=\u00bbtag:h1|text_align:left\u00bb google_fonts=\u00bbfont_family:Roboto%3A100%2C100italic%2C300%2C300italic%2Cregular%2Citalic%2C500%2C500italic%2C700%2C700italic%2C900%2C900italic|font_style:900%20bold%20regular%3A900%3Anormal\u00bb][vc_column_text]Puedes contactar con nosotros a trav\u00e9s de este formulario \u00f3 escribiendo directamente a info@carlescastillo.com[\/vc_column_text][vc_empty_space height=\u00bb40px\u00bb][\/vc_column][vc_column width=\u00bb1\/2&#8243;][vc_custom_heading text=\u00bbCARLES CASTILLO NATURE PRODUCTIONS\u00bb font_container=\u00bbtag:h3|text_align:left\u00bb google_fonts=\u00bbfont_family:Roboto%3A100%2C100italic%2C300%2C300italic%2Cregular%2Citalic%2C500%2C500italic%2C700%2C700italic%2C900%2C900italic|font_style:400%20regular%3A400%3Anormal\u00bb][vc_column_text]Tel. (+34) 670 898 490 info@carlescastillo.com 08460, Sta M\u00aa Palautordera (Barcelona) &#8211; Espa\u00f1a[\/vc_column_text][vc_gmaps link=\u00bb#E-8_JTNDaWZyYW1lJTIwc3JjJTNEJTIyaHR0cHMlM0ElMkYlMkZ3d3cuZ29vZ2xlLmNvbSUyRm1hcHMlMkZlbWJlZCUzRnBiJTNEJTIxMW0xOCUyMTFtMTIlMjExbTMlMjExZDExOTE3LjQxMDk4NjgwMTc3OSUyMTJkMi40MzgwNDQyOTE1MjA3ODk0JTIxM2Q0MS42OTEzMjAxNDExMjg5NSUyMTJtMyUyMTFmMCUyMTJmMCUyMTNmMCUyMTNtMiUyMTFpMTAyNCUyMTJpNzY4JTIxNGYxMy4xJTIxM20zJTIxMW0yJTIxMXMweDEyYTRjY2RmYjA4ZjI4ODUlMjUzQTB4ZWIxYmIyYWEzNjgzZmMzZiUyMTJzMDg0NjAlMjUyMFNhbnRhJTI1MjBNYXIlMjVDMyUyNUFEYSUyNTIwZGUlMjUyMFBhbGF1dG9yZGVyYSUyNTJDJTI1MjBCYXJjZWxvbmElMjE1ZTAlMjEzbTIlMjExc2VzJTIxMnNlcyUyMTR2MTU4MDkyMzU1NzY0MyUyMTVtMiUyMTFzZXMlMjEyc2VzJTIyJTIwd2lkdGglM0QlMjI2MDAlMjIlMjBoZWlnaHQlM0QlMjI0NTAlMjIlMjBmcmFtZWJvcmRlciUzRCUyMjAlMjIlMjBzdHlsZSUzRCUyMmJvcmRlciUzQTAlM0IlMjIlMjBhbGxvd2Z1bGxzY3JlZW4lM0QlMjIlMjIlM0UlM0MlMkZpZnJhbWUlM0U=\u00bb][\/vc_column][\/vc_row]<\/p>\n","protected":false},"author":1,"featured_media":642,"parent":0,"menu_order":0,"comment_status":"closed","ping_status":"closed","template":"","meta":{"footnotes":""},"yoast_head":"<!-- This site is optimized with the Yoast SEO plugin v22.3 - https:\/\/yoast.com\/wordpress\/plugins\/seo\/ -->\n<title>Carles Castillo Nature Productions | Contacto | Ponte en contacto conmigo<\/title>\n<meta name=\"description\" content=\"Carles Castillo | Contacto. Puedes contactar conmigo a trav\u00e9s de nuestro formulario de contacto, email o llam\u00e1ndo al tel\u00e9fono 670 898 490\" \/>\n<meta name=\"robots\" content=\"index, follow, max-snippet:-1, max-image-preview:large, max-video-preview:-1\" \/>\n<link rel=\"canonical\" href=\"https:\/\/carlescastillo.com\/web\/contacto\/\" \/>\n<meta property=\"og:locale\" content=\"es_ES\" \/>\n<meta property=\"og:type\" content=\"article\" \/>\n<meta property=\"og:title\" content=\"Carles Castillo Nature Productions | Contacto | Ponte en contacto conmigo\" \/>\n<meta property=\"og:description\" content=\"Carles Castillo | Contacto. Puedes contactar conmigo a trav\u00e9s de nuestro formulario de contacto, email o llam\u00e1ndo al tel\u00e9fono 670 898 490\" \/>\n<meta property=\"og:url\" content=\"https:\/\/carlescastillo.com\/web\/contacto\/\" \/>\n<meta property=\"og:site_name\" content=\"Carles Castillo\" \/>\n<meta property=\"article:publisher\" content=\"https:\/\/www.facebook.com\/carles.castillo.96\" \/>\n<meta property=\"article:modified_time\" content=\"2020-03-09T11:51:43+00:00\" \/>\n<meta property=\"og:image\" content=\"https:\/\/carlescastillo.com\/web\/wp-content\/uploads\/2015\/06\/HNCK7802.jpg\" \/>\n\t<meta property=\"og:image:width\" content=\"1920\" \/>\n\t<meta property=\"og:image:height\" content=\"1080\" \/>\n\t<meta property=\"og:image:type\" content=\"image\/jpeg\" \/>\n<meta name=\"twitter:card\" content=\"summary_large_image\" \/>\n<meta name=\"twitter:site\" content=\"@carlescastillo_\" \/>\n<meta name=\"twitter:label1\" content=\"Tiempo de lectura\" \/>\n\t<meta name=\"twitter:data1\" content=\"1 minuto\" \/>\n<script type=\"application\/ld+json\" class=\"yoast-schema-graph\">{\"@context\":\"https:\/\/schema.org\",\"@graph\":[{\"@type\":\"WebPage\",\"@id\":\"https:\/\/carlescastillo.com\/web\/contacto\/\",\"url\":\"https:\/\/carlescastillo.com\/web\/contacto\/\",\"name\":\"Carles Castillo Nature Productions | Contacto | Ponte en contacto conmigo\",\"isPartOf\":{\"@id\":\"https:\/\/carlescastillo.com\/web\/#website\"},\"primaryImageOfPage\":{\"@id\":\"https:\/\/carlescastillo.com\/web\/contacto\/#primaryimage\"},\"image\":{\"@id\":\"https:\/\/carlescastillo.com\/web\/contacto\/#primaryimage\"},\"thumbnailUrl\":\"https:\/\/carlescastillo.com\/web\/wp-content\/uploads\/2015\/06\/HNCK7802.jpg\",\"datePublished\":\"2020-01-31T11:43:45+00:00\",\"dateModified\":\"2020-03-09T11:51:43+00:00\",\"description\":\"Carles Castillo | Contacto. Puedes contactar conmigo a trav\u00e9s de nuestro formulario de contacto, email o llam\u00e1ndo al tel\u00e9fono 670 898 490\",\"breadcrumb\":{\"@id\":\"https:\/\/carlescastillo.com\/web\/contacto\/#breadcrumb\"},\"inLanguage\":\"es\",\"potentialAction\":[{\"@type\":\"ReadAction\",\"target\":[\"https:\/\/carlescastillo.com\/web\/contacto\/\"]}]},{\"@type\":\"ImageObject\",\"inLanguage\":\"es\",\"@id\":\"https:\/\/carlescastillo.com\/web\/contacto\/#primaryimage\",\"url\":\"https:\/\/carlescastillo.com\/web\/wp-content\/uploads\/2015\/06\/HNCK7802.jpg\",\"contentUrl\":\"https:\/\/carlescastillo.com\/web\/wp-content\/uploads\/2015\/06\/HNCK7802.jpg\",\"width\":1920,\"height\":1080,\"caption\":\"Carles Castillo Contacto\"},{\"@type\":\"BreadcrumbList\",\"@id\":\"https:\/\/carlescastillo.com\/web\/contacto\/#breadcrumb\",\"itemListElement\":[{\"@type\":\"ListItem\",\"position\":1,\"name\":\"Portada\",\"item\":\"https:\/\/carlescastillo.com\/web\/\"},{\"@type\":\"ListItem\",\"position\":2,\"name\":\"Contacto\"}]},{\"@type\":\"WebSite\",\"@id\":\"https:\/\/carlescastillo.com\/web\/#website\",\"url\":\"https:\/\/carlescastillo.com\/web\/\",\"name\":\"Carles Castillo\",\"description\":\"Web oficial\",\"publisher\":{\"@id\":\"https:\/\/carlescastillo.com\/web\/#organization\"},\"potentialAction\":[{\"@type\":\"SearchAction\",\"target\":{\"@type\":\"EntryPoint\",\"urlTemplate\":\"https:\/\/carlescastillo.com\/web\/?s={search_term_string}\"},\"query-input\":\"required name=search_term_string\"}],\"inLanguage\":\"es\"},{\"@type\":\"Organization\",\"@id\":\"https:\/\/carlescastillo.com\/web\/#organization\",\"name\":\"Carles Castillo\",\"url\":\"https:\/\/carlescastillo.com\/web\/\",\"logo\":{\"@type\":\"ImageObject\",\"inLanguage\":\"es\",\"@id\":\"https:\/\/carlescastillo.com\/web\/#\/schema\/logo\/image\/\",\"url\":\"https:\/\/carlescastillo.com\/web\/wp-content\/uploads\/2020\/02\/logo_cc_dark_retina.png\",\"contentUrl\":\"https:\/\/carlescastillo.com\/web\/wp-content\/uploads\/2020\/02\/logo_cc_dark_retina.png\",\"width\":444,\"height\":200,\"caption\":\"Carles Castillo\"},\"image\":{\"@id\":\"https:\/\/carlescastillo.com\/web\/#\/schema\/logo\/image\/\"},\"sameAs\":[\"https:\/\/www.facebook.com\/carles.castillo.96\",\"https:\/\/twitter.com\/carlescastillo_\",\"https:\/\/www.instagram.com\/carles.castillo\/\",\"https:\/\/es.linkedin.com\/in\/carlescastillo\",\"https:\/\/www.youtube.com\/channel\/UCUdOfQOvQMQoNJENFeaGK1A\"]}]}<\/script>\n<!-- \/ Yoast SEO plugin. -->","yoast_head_json":{"title":"Carles Castillo Nature Productions | Contacto | Ponte en contacto conmigo","description":"Carles Castillo | Contacto. Puedes contactar conmigo a trav\u00e9s de nuestro formulario de contacto, email o llam\u00e1ndo al tel\u00e9fono 670 898 490","robots":{"index":"index","follow":"follow","max-snippet":"max-snippet:-1","max-image-preview":"max-image-preview:large","max-video-preview":"max-video-preview:-1"},"canonical":"https:\/\/carlescastillo.com\/web\/contacto\/","og_locale":"es_ES","og_type":"article","og_title":"Carles Castillo Nature Productions | Contacto | Ponte en contacto conmigo","og_description":"Carles Castillo | Contacto. Puedes contactar conmigo a trav\u00e9s de nuestro formulario de contacto, email o llam\u00e1ndo al tel\u00e9fono 670 898 490","og_url":"https:\/\/carlescastillo.com\/web\/contacto\/","og_site_name":"Carles Castillo","article_publisher":"https:\/\/www.facebook.com\/carles.castillo.96","article_modified_time":"2020-03-09T11:51:43+00:00","og_image":[{"width":1920,"height":1080,"url":"https:\/\/carlescastillo.com\/web\/wp-content\/uploads\/2015\/06\/HNCK7802.jpg","type":"image\/jpeg"}],"twitter_card":"summary_large_image","twitter_site":"@carlescastillo_","twitter_misc":{"Tiempo de lectura":"1 minuto"},"schema":{"@context":"https:\/\/schema.org","@graph":[{"@type":"WebPage","@id":"https:\/\/carlescastillo.com\/web\/contacto\/","url":"https:\/\/carlescastillo.com\/web\/contacto\/","name":"Carles Castillo Nature Productions | Contacto | Ponte en contacto conmigo","isPartOf":{"@id":"https:\/\/carlescastillo.com\/web\/#website"},"primaryImageOfPage":{"@id":"https:\/\/carlescastillo.com\/web\/contacto\/#primaryimage"},"image":{"@id":"https:\/\/carlescastillo.com\/web\/contacto\/#primaryimage"},"thumbnailUrl":"https:\/\/carlescastillo.com\/web\/wp-content\/uploads\/2015\/06\/HNCK7802.jpg","datePublished":"2020-01-31T11:43:45+00:00","dateModified":"2020-03-09T11:51:43+00:00","description":"Carles Castillo | Contacto. Puedes contactar conmigo a trav\u00e9s de nuestro formulario de contacto, email o llam\u00e1ndo al tel\u00e9fono 670 898 490","breadcrumb":{"@id":"https:\/\/carlescastillo.com\/web\/contacto\/#breadcrumb"},"inLanguage":"es","potentialAction":[{"@type":"ReadAction","target":["https:\/\/carlescastillo.com\/web\/contacto\/"]}]},{"@type":"ImageObject","inLanguage":"es","@id":"https:\/\/carlescastillo.com\/web\/contacto\/#primaryimage","url":"https:\/\/carlescastillo.com\/web\/wp-content\/uploads\/2015\/06\/HNCK7802.jpg","contentUrl":"https:\/\/carlescastillo.com\/web\/wp-content\/uploads\/2015\/06\/HNCK7802.jpg","width":1920,"height":1080,"caption":"Carles Castillo Contacto"},{"@type":"BreadcrumbList","@id":"https:\/\/carlescastillo.com\/web\/contacto\/#breadcrumb","itemListElement":[{"@type":"ListItem","position":1,"name":"Portada","item":"https:\/\/carlescastillo.com\/web\/"},{"@type":"ListItem","position":2,"name":"Contacto"}]},{"@type":"WebSite","@id":"https:\/\/carlescastillo.com\/web\/#website","url":"https:\/\/carlescastillo.com\/web\/","name":"Carles Castillo","description":"Web oficial","publisher":{"@id":"https:\/\/carlescastillo.com\/web\/#organization"},"potentialAction":[{"@type":"SearchAction","target":{"@type":"EntryPoint","urlTemplate":"https:\/\/carlescastillo.com\/web\/?s={search_term_string}"},"query-input":"required name=search_term_string"}],"inLanguage":"es"},{"@type":"Organization","@id":"https:\/\/carlescastillo.com\/web\/#organization","name":"Carles Castillo","url":"https:\/\/carlescastillo.com\/web\/","logo":{"@type":"ImageObject","inLanguage":"es","@id":"https:\/\/carlescastillo.com\/web\/#\/schema\/logo\/image\/","url":"https:\/\/carlescastillo.com\/web\/wp-content\/uploads\/2020\/02\/logo_cc_dark_retina.png","contentUrl":"https:\/\/carlescastillo.com\/web\/wp-content\/uploads\/2020\/02\/logo_cc_dark_retina.png","width":444,"height":200,"caption":"Carles Castillo"},"image":{"@id":"https:\/\/carlescastillo.com\/web\/#\/schema\/logo\/image\/"},"sameAs":["https:\/\/www.facebook.com\/carles.castillo.96","https:\/\/twitter.com\/carlescastillo_","https:\/\/www.instagram.com\/carles.castillo\/","https:\/\/es.linkedin.com\/in\/carlescastillo","https:\/\/www.youtube.com\/channel\/UCUdOfQOvQMQoNJENFeaGK1A"]}]}},"_links":{"self":[{"href":"https:\/\/carlescastillo.com\/web\/wp-json\/wp\/v2\/pages\/1187"}],"collection":[{"href":"https:\/\/carlescastillo.com\/web\/wp-json\/wp\/v2\/pages"}],"about":[{"href":"https:\/\/carlescastillo.com\/web\/wp-json\/wp\/v2\/types\/page"}],"author":[{"embeddable":true,"href":"https:\/\/carlescastillo.com\/web\/wp-json\/wp\/v2\/users\/1"}],"replies":[{"embeddable":true,"href":"https:\/\/carlescastillo.com\/web\/wp-json\/wp\/v2\/comments?post=1187"}],"version-history":[{"count":6,"href":"https:\/\/carlescastillo.com\/web\/wp-json\/wp\/v2\/pages\/1187\/revisions"}],"predecessor-version":[{"id":1381,"href":"https:\/\/carlescastillo.com\/web\/wp-json\/wp\/v2\/pages\/1187\/revisions\/1381"}],"wp:featuredmedia":[{"embeddable":true,"href":"https:\/\/carlescastillo.com\/web\/wp-json\/wp\/v2\/media\/642"}],"wp:attachment":[{"href":"https:\/\/carlescastillo.com\/web\/wp-json\/wp\/v2\/media?parent=1187"}],"curies":[{"name":"wp","href":"https:\/\/api.w.org\/{rel}","templated":true}]}}