{"id":1080,"date":"2020-01-30T17:41:14","date_gmt":"2020-01-30T17:41:14","guid":{"rendered":"https:\/\/carlescastillo.com\/web\/?page_id=1080"},"modified":"2020-03-05T16:37:43","modified_gmt":"2020-03-05T16:37:43","slug":"changement-climatique","status":"publish","type":"page","link":"https:\/\/carlescastillo.com\/web\/fr\/changement-climatique\/","title":{"rendered":"Changement climatique"},"content":{"rendered":"<p>[vc_row][vc_column][vc_custom_heading text=\u00bbQuels changements ai-je remarqu\u00e9s avec la crise climatique?\u00bb font_container=\u00bbtag:h2|text_align:center\u00bb use_theme_fonts=\u00bbyes\u00bb][\/vc_column][\/vc_row][vc_row][vc_column][vc_empty_space][\/vc_column][\/vc_row][vc_row][vc_column][vc_column_text css=\u00bb.vc_custom_1583426266025{padding-top: 20px !important;padding-right: 20px !important;padding-bottom: 20px !important;padding-left: 20px !important;background-color: #353535 !important;border-radius: 5px !important;}\u00bb]<\/p>\n<p style=\"text-align: justify;\">Pour commencer, la mort des coraux ou l&#8217;entr\u00e9e de poissons et d&#8217;autres esp\u00e8ces tropicales dans la mer M\u00e9diterran\u00e9e, peut-\u00eatre en raison de l&#8217;augmentation de la temp\u00e9rature de l&#8217;eau.<\/p>\n<p style=\"text-align: justify;\">Quant au continent, un changement de comportement de certains animaux est perceptible. \u00c0 titre d&#8217;exemple, nous pourrions dire que le soufflet du cerf de montagne semble \u00eatre que chaque ann\u00e9e commence plus tard, les sangliers s&#8217;installent dans des territoires montagneux de plus haute altitude et la migration des torcaces est de moins en moins due aux hivers moins froids de leurs lieux de Origine\u2026<\/p>\n<p style=\"text-align: justify;\">Ce manque de froid semble \u00eatre le d\u00e9nominateur commun des variations de comportement de tous ces animaux.<\/p>\n<p>[\/vc_column_text][\/vc_column][\/vc_row]<\/p>\n","protected":false},"excerpt":{"rendered":"<p>[vc_row][vc_column][vc_custom_heading text=\u00bbQuels changements ai-je remarqu\u00e9s avec la crise climatique?\u00bb font_container=\u00bbtag:h2|text_align:center\u00bb use_theme_fonts=\u00bbyes\u00bb][\/vc_column][\/vc_row][vc_row][vc_column][vc_empty_space][\/vc_column][\/vc_row][vc_row][vc_column][vc_column_text css=\u00bb.vc_custom_1583426266025{padding-top: 20px !important;padding-right: 20px !important;padding-bottom: 20px !important;padding-left: 20px !important;background-color: #353535 !important;border-radius: 5px !important;}\u00bb] Pour commencer, la mort des coraux ou l&#8217;entr\u00e9e de poissons et d&#8217;autres esp\u00e8ces tropicales dans la mer M\u00e9diterran\u00e9e, peut-\u00eatre en raison de l&#8217;augmentation de la temp\u00e9rature de l&#8217;eau. Quant au continent, [&hellip;]<\/p>\n","protected":false},"author":1,"featured_media":0,"parent":0,"menu_order":0,"comment_status":"closed","ping_status":"closed","template":"","meta":{"footnotes":""},"yoast_head":"<!-- This site is optimized with the Yoast SEO plugin v22.3 - https:\/\/yoast.com\/wordpress\/plugins\/seo\/ -->\n<title>Changement climatique - Carles Castillo<\/title>\n<meta name=\"robots\" content=\"index, follow, max-snippet:-1, max-image-preview:large, max-video-preview:-1\" \/>\n<link rel=\"canonical\" href=\"https:\/\/carlescastillo.com\/web\/fr\/changement-climatique\/\" \/>\n<meta property=\"og:locale\" content=\"es_ES\" \/>\n<meta property=\"og:type\" content=\"article\" \/>\n<meta property=\"og:title\" content=\"Changement climatique - Carles Castillo\" \/>\n<meta property=\"og:description\" content=\"[vc_row][vc_column][vc_custom_heading text=\u00bbQuels changements ai-je remarqu\u00e9s avec la crise climatique?\u00bb font_container=\u00bbtag:h2|text_align:center\u00bb use_theme_fonts=\u00bbyes\u00bb][\/vc_column][\/vc_row][vc_row][vc_column][vc_empty_space][\/vc_column][\/vc_row][vc_row][vc_column][vc_column_text css=\u00bb.vc_custom_1583426266025{padding-top: 20px !important;padding-right: 20px !important;padding-bottom: 20px !important;padding-left: 20px !important;background-color: #353535 !important;border-radius: 5px !important;}\u00bb] Pour commencer, la mort des coraux ou l&#8217;entr\u00e9e de poissons et d&#8217;autres esp\u00e8ces tropicales dans la mer M\u00e9diterran\u00e9e, peut-\u00eatre en raison de l&#8217;augmentation de la temp\u00e9rature de l&#8217;eau. Quant au continent, [&hellip;]\" \/>\n<meta property=\"og:url\" content=\"https:\/\/carlescastillo.com\/web\/fr\/changement-climatique\/\" \/>\n<meta property=\"og:site_name\" content=\"Carles Castillo\" \/>\n<meta property=\"article:publisher\" content=\"https:\/\/www.facebook.com\/carles.castillo.96\" \/>\n<meta property=\"article:modified_time\" content=\"2020-03-05T16:37:43+00:00\" \/>\n<meta name=\"twitter:card\" content=\"summary_large_image\" \/>\n<meta name=\"twitter:site\" content=\"@carlescastillo_\" \/>\n<meta name=\"twitter:label1\" content=\"Tiempo de lectura\" \/>\n\t<meta name=\"twitter:data1\" content=\"1 minuto\" \/>\n<script type=\"application\/ld+json\" class=\"yoast-schema-graph\">{\"@context\":\"https:\/\/schema.org\",\"@graph\":[{\"@type\":\"WebPage\",\"@id\":\"https:\/\/carlescastillo.com\/web\/fr\/changement-climatique\/\",\"url\":\"https:\/\/carlescastillo.com\/web\/fr\/changement-climatique\/\",\"name\":\"Changement climatique - Carles Castillo\",\"isPartOf\":{\"@id\":\"https:\/\/carlescastillo.com\/web\/#website\"},\"datePublished\":\"2020-01-30T17:41:14+00:00\",\"dateModified\":\"2020-03-05T16:37:43+00:00\",\"breadcrumb\":{\"@id\":\"https:\/\/carlescastillo.com\/web\/fr\/changement-climatique\/#breadcrumb\"},\"inLanguage\":\"es\",\"potentialAction\":[{\"@type\":\"ReadAction\",\"target\":[\"https:\/\/carlescastillo.com\/web\/fr\/changement-climatique\/\"]}]},{\"@type\":\"BreadcrumbList\",\"@id\":\"https:\/\/carlescastillo.com\/web\/fr\/changement-climatique\/#breadcrumb\",\"itemListElement\":[{\"@type\":\"ListItem\",\"position\":1,\"name\":\"Portada\",\"item\":\"https:\/\/carlescastillo.com\/web\/\"},{\"@type\":\"ListItem\",\"position\":2,\"name\":\"Changement climatique\"}]},{\"@type\":\"WebSite\",\"@id\":\"https:\/\/carlescastillo.com\/web\/#website\",\"url\":\"https:\/\/carlescastillo.com\/web\/\",\"name\":\"Carles Castillo\",\"description\":\"Web oficial\",\"publisher\":{\"@id\":\"https:\/\/carlescastillo.com\/web\/#organization\"},\"potentialAction\":[{\"@type\":\"SearchAction\",\"target\":{\"@type\":\"EntryPoint\",\"urlTemplate\":\"https:\/\/carlescastillo.com\/web\/?s={search_term_string}\"},\"query-input\":\"required name=search_term_string\"}],\"inLanguage\":\"es\"},{\"@type\":\"Organization\",\"@id\":\"https:\/\/carlescastillo.com\/web\/#organization\",\"name\":\"Carles Castillo\",\"url\":\"https:\/\/carlescastillo.com\/web\/\",\"logo\":{\"@type\":\"ImageObject\",\"inLanguage\":\"es\",\"@id\":\"https:\/\/carlescastillo.com\/web\/#\/schema\/logo\/image\/\",\"url\":\"https:\/\/carlescastillo.com\/web\/wp-content\/uploads\/2020\/02\/logo_cc_dark_retina.png\",\"contentUrl\":\"https:\/\/carlescastillo.com\/web\/wp-content\/uploads\/2020\/02\/logo_cc_dark_retina.png\",\"width\":444,\"height\":200,\"caption\":\"Carles Castillo\"},\"image\":{\"@id\":\"https:\/\/carlescastillo.com\/web\/#\/schema\/logo\/image\/\"},\"sameAs\":[\"https:\/\/www.facebook.com\/carles.castillo.96\",\"https:\/\/twitter.com\/carlescastillo_\",\"https:\/\/www.instagram.com\/carles.castillo\/\",\"https:\/\/es.linkedin.com\/in\/carlescastillo\",\"https:\/\/www.youtube.com\/channel\/UCUdOfQOvQMQoNJENFeaGK1A\"]}]}<\/script>\n<!-- \/ Yoast SEO plugin. -->","yoast_head_json":{"title":"Changement climatique - Carles Castillo","robots":{"index":"index","follow":"follow","max-snippet":"max-snippet:-1","max-image-preview":"max-image-preview:large","max-video-preview":"max-video-preview:-1"},"canonical":"https:\/\/carlescastillo.com\/web\/fr\/changement-climatique\/","og_locale":"es_ES","og_type":"article","og_title":"Changement climatique - Carles Castillo","og_description":"[vc_row][vc_column][vc_custom_heading text=\u00bbQuels changements ai-je remarqu\u00e9s avec la crise climatique?\u00bb font_container=\u00bbtag:h2|text_align:center\u00bb use_theme_fonts=\u00bbyes\u00bb][\/vc_column][\/vc_row][vc_row][vc_column][vc_empty_space][\/vc_column][\/vc_row][vc_row][vc_column][vc_column_text css=\u00bb.vc_custom_1583426266025{padding-top: 20px !important;padding-right: 20px !important;padding-bottom: 20px !important;padding-left: 20px !important;background-color: #353535 !important;border-radius: 5px !important;}\u00bb] Pour commencer, la mort des coraux ou l&#8217;entr\u00e9e de poissons et d&#8217;autres esp\u00e8ces tropicales dans la mer M\u00e9diterran\u00e9e, peut-\u00eatre en raison de l&#8217;augmentation de la temp\u00e9rature de l&#8217;eau. Quant au continent, [&hellip;]","og_url":"https:\/\/carlescastillo.com\/web\/fr\/changement-climatique\/","og_site_name":"Carles Castillo","article_publisher":"https:\/\/www.facebook.com\/carles.castillo.96","article_modified_time":"2020-03-05T16:37:43+00:00","twitter_card":"summary_large_image","twitter_site":"@carlescastillo_","twitter_misc":{"Tiempo de lectura":"1 minuto"},"schema":{"@context":"https:\/\/schema.org","@graph":[{"@type":"WebPage","@id":"https:\/\/carlescastillo.com\/web\/fr\/changement-climatique\/","url":"https:\/\/carlescastillo.com\/web\/fr\/changement-climatique\/","name":"Changement climatique - Carles Castillo","isPartOf":{"@id":"https:\/\/carlescastillo.com\/web\/#website"},"datePublished":"2020-01-30T17:41:14+00:00","dateModified":"2020-03-05T16:37:43+00:00","breadcrumb":{"@id":"https:\/\/carlescastillo.com\/web\/fr\/changement-climatique\/#breadcrumb"},"inLanguage":"es","potentialAction":[{"@type":"ReadAction","target":["https:\/\/carlescastillo.com\/web\/fr\/changement-climatique\/"]}]},{"@type":"BreadcrumbList","@id":"https:\/\/carlescastillo.com\/web\/fr\/changement-climatique\/#breadcrumb","itemListElement":[{"@type":"ListItem","position":1,"name":"Portada","item":"https:\/\/carlescastillo.com\/web\/"},{"@type":"ListItem","position":2,"name":"Changement climatique"}]},{"@type":"WebSite","@id":"https:\/\/carlescastillo.com\/web\/#website","url":"https:\/\/carlescastillo.com\/web\/","name":"Carles Castillo","description":"Web oficial","publisher":{"@id":"https:\/\/carlescastillo.com\/web\/#organization"},"potentialAction":[{"@type":"SearchAction","target":{"@type":"EntryPoint","urlTemplate":"https:\/\/carlescastillo.com\/web\/?s={search_term_string}"},"query-input":"required name=search_term_string"}],"inLanguage":"es"},{"@type":"Organization","@id":"https:\/\/carlescastillo.com\/web\/#organization","name":"Carles Castillo","url":"https:\/\/carlescastillo.com\/web\/","logo":{"@type":"ImageObject","inLanguage":"es","@id":"https:\/\/carlescastillo.com\/web\/#\/schema\/logo\/image\/","url":"https:\/\/carlescastillo.com\/web\/wp-content\/uploads\/2020\/02\/logo_cc_dark_retina.png","contentUrl":"https:\/\/carlescastillo.com\/web\/wp-content\/uploads\/2020\/02\/logo_cc_dark_retina.png","width":444,"height":200,"caption":"Carles Castillo"},"image":{"@id":"https:\/\/carlescastillo.com\/web\/#\/schema\/logo\/image\/"},"sameAs":["https:\/\/www.facebook.com\/carles.castillo.96","https:\/\/twitter.com\/carlescastillo_","https:\/\/www.instagram.com\/carles.castillo\/","https:\/\/es.linkedin.com\/in\/carlescastillo","https:\/\/www.youtube.com\/channel\/UCUdOfQOvQMQoNJENFeaGK1A"]}]}},"_links":{"self":[{"href":"https:\/\/carlescastillo.com\/web\/wp-json\/wp\/v2\/pages\/1080"}],"collection":[{"href":"https:\/\/carlescastillo.com\/web\/wp-json\/wp\/v2\/pages"}],"about":[{"href":"https:\/\/carlescastillo.com\/web\/wp-json\/wp\/v2\/types\/page"}],"author":[{"embeddable":true,"href":"https:\/\/carlescastillo.com\/web\/wp-json\/wp\/v2\/users\/1"}],"replies":[{"embeddable":true,"href":"https:\/\/carlescastillo.com\/web\/wp-json\/wp\/v2\/comments?post=1080"}],"version-history":[{"count":3,"href":"https:\/\/carlescastillo.com\/web\/wp-json\/wp\/v2\/pages\/1080\/revisions"}],"predecessor-version":[{"id":1353,"href":"https:\/\/carlescastillo.com\/web\/wp-json\/wp\/v2\/pages\/1080\/revisions\/1353"}],"wp:attachment":[{"href":"https:\/\/carlescastillo.com\/web\/wp-json\/wp\/v2\/media?parent=1080"}],"curies":[{"name":"wp","href":"https:\/\/api.w.org\/{rel}","templated":true}]}}